{"id":933,"date":"2026-04-07T22:01:40","date_gmt":"2026-04-07T22:01:40","guid":{"rendered":"https:\/\/challengeboxgames.ch\/evenements-a-venir\/"},"modified":"2026-04-16T10:11:47","modified_gmt":"2026-04-16T10:11:47","slug":"escape-rooms-geneve-evenements-a-venir","status":"publish","type":"page","link":"https:\/\/challengeboxgames.ch\/fr\/escape-rooms-geneve-evenements-a-venir\/","title":{"rendered":"\u00c9v\u00e9nements \u00e0 venir"},"content":{"rendered":"\t\t<div data-elementor-type=\"wp-page\" data-elementor-id=\"933\" class=\"elementor elementor-933 elementor-532\" data-elementor-post-type=\"page\">\n\t\t\t\t<div class=\"elementor-element elementor-element-5e428649 e-flex e-con-boxed elementor-invisible e-con e-parent\" data-id=\"5e428649\" data-element_type=\"container\" data-e-type=\"container\" data-settings=\"{&quot;animation&quot;:&quot;fadeIn&quot;}\">\n\t\t\t\t\t<div class=\"e-con-inner\">\n\t\t<div class=\"elementor-element elementor-element-25ba039c e-con-full e-flex e-con e-child\" data-id=\"25ba039c\" data-element_type=\"container\" data-e-type=\"container\">\n\t\t\t\t<div class=\"elementor-element elementor-element-77350354 elementor-widget__width-inherit elementor-widget elementor-widget-heading\" data-id=\"77350354\" data-element_type=\"widget\" data-e-type=\"widget\" data-widget_type=\"heading.default\">\n\t\t\t\t\t<h2 class=\"elementor-heading-title elementor-size-default\">Challengebox dans votre ville<br>Escape rooms Z\u00fcrich<\/h2>\t\t\t\t<\/div>\n\t\t\t\t<div class=\"elementor-element elementor-element-6e3341da elementor-widget elementor-widget-flex-hero\" data-id=\"6e3341da\" data-element_type=\"widget\" data-e-type=\"widget\" data-settings=\"{&quot;layout_preset&quot;:&quot;storytelling&quot;,&quot;image_shape&quot;:&quot;rounded&quot;,&quot;primary_button_shape&quot;:&quot;default&quot;,&quot;box_shape&quot;:&quot;sharp&quot;}\" data-widget_type=\"flex-hero.default\">\n\t\t\t\t<div class=\"elementor-widget-container\">\n\t\t\t\t\t\t\t<div class=\"has-shape-sharp shape-type-box ehp-flex-hero has-layout-preset-storytelling\">\n\t\t\t\t\t\t<div class=\"ehp-flex-hero__overlay\"><\/div>\n\t\t\t<div class=\"ehp-flex-hero__content-container\">\n\t\t\t\t\t\t\t<div class=\"ehp-flex-hero__ctas-container\">\n\t\t\t\t\t\t\t\t\t\t\t<\/div>\n\t\t\t\t\t<\/div>\n\t\t\t\t<div class=\"ehp-flex-hero__image-wrapper\">\n\t\t\t\t\t<div class=\"ehp-image ehp-flex-hero__image-container\">\n\t\t\t\t<img decoding=\"async\" class=\"ehp-image__img ehp-flex-hero__img has-shape-rounded shape-type-image\" src=\"https:\/\/challengeboxgames.ch\/wp-content\/uploads\/2026\/04\/Vinci-Battle-Zurich-Part1-1.avif\" title=\"Vinci-Battle-Zurich-Part1\" alt=\"Escape rooms Zurich\" loading=\"lazy\" \/>\t\t\t<\/div>\n\t\t\t\t\t<\/div>\n\t\t\t\t<\/div>\n\t\t\t\t\t\t<\/div>\n\t\t\t\t<\/div>\n\t\t\t\t<\/div>\n\t\t\t\t\t<\/div>\n\t\t\t\t<\/div>\n\t\t<div class=\"elementor-element elementor-element-34ccba62 e-flex e-con-boxed e-con e-parent\" data-id=\"34ccba62\" data-element_type=\"container\" data-e-type=\"container\" data-settings=\"{&quot;background_background&quot;:&quot;classic&quot;}\">\n\t\t\t\t\t<div class=\"e-con-inner\">\n\t\t\t\t<div class=\"elementor-element elementor-element-29a1b8d4 elementor-widget elementor-widget-text-editor\" data-id=\"29a1b8d4\" data-element_type=\"widget\" data-e-type=\"widget\" data-widget_type=\"text-editor.default\">\n\t\t\t\t\t\t\t\t\t<p><strong>Condition<\/strong><\/p><p><span class=\"x1rg5ohu x16dsc37 x19la9d6 x1fc57z9 x6ikm8r x10wlt62 x19co3pv x11tp94h xw4jnvo x1qx5ct2 xfibh0p xiy17q3 x1xsqp64 x1lkfr7t xexx8yu xyri2b x18d9i69 x1c1uobl\"><span class=\"xrtxmta x1bhl96m\">\ud83d\udd25 <\/span><\/span>Au moins trois groupes doivent \u00eatre inscrits ; sinon, la session n\u2019aura pas lieu. Dans ce cas, vous en serez inform\u00e9(e) 48 heures \u00e0 l\u2019avance, et la r\u00e9servation sera annul\u00e9e et le montant total rembours\u00e9.\ud83d\udd25 <\/p>\t\t\t\t\t\t\t\t<\/div>\n\t\t\t\t<div class=\"elementor-element elementor-element-04a8ef8 elementor-widget elementor-widget-html\" data-id=\"04a8ef8\" data-element_type=\"widget\" data-e-type=\"widget\" data-widget_type=\"html.default\">\n\t\t\t\t\t<booking-widget widget-id=\"bdd377c6-b398-4685-9892-86e93e86fb28\"><\/booking-widget><script type=\"text\/javascript\" src=\"https:\/\/widgets.regiondo.net\/booking\/v1\/booking-widget.min.js\"><\/script>\t\t\t\t<\/div>\n\t\t\t\t<div class=\"elementor-element elementor-element-7b73e15 elementor-widget elementor-widget-spacer\" data-id=\"7b73e15\" data-element_type=\"widget\" data-e-type=\"widget\" data-widget_type=\"spacer.default\">\n\t\t\t\t\t\t\t<div class=\"elementor-spacer\">\n\t\t\t<div class=\"elementor-spacer-inner\"><\/div>\n\t\t<\/div>\n\t\t\t\t\t\t<\/div>\n\t\t\t\t<div class=\"elementor-element elementor-element-0d32674 elementor-widget__width-inherit elementor-widget elementor-widget-heading\" data-id=\"0d32674\" data-element_type=\"widget\" data-e-type=\"widget\" data-widget_type=\"heading.default\">\n\t\t\t\t\t<h2 class=\"elementor-heading-title elementor-size-default\">R\u00e9servez votre Challenge Box d\u00e8s maintenant !<\/h2>\t\t\t\t<\/div>\n\t\t\t\t<div class=\"elementor-element elementor-element-14d46897 elementor-widget__width-inherit elementor-widget elementor-widget-zigzag\" data-id=\"14d46897\" data-element_type=\"widget\" data-e-type=\"widget\" data-settings=\"{&quot;image_shape&quot;:&quot;rounded&quot;,&quot;primary_button_shape&quot;:&quot;round&quot;}\" data-widget_type=\"zigzag.default\">\n\t\t\t\t<div class=\"elementor-widget-container\">\n\t\t\t\t\t\t\t<div class=\"ehp-zigzag has-direction-start\">\n\t\t\t\t\t\t\t<div class=\"ehp-zigzag__item-wrapper\">\n\t\t\t\t\t<div class=\"ehp-zigzag__item-container\">\n\t\t\t\t\t\t\t\t<div class=\"ehp-zigzag__graphic-element-container has-image\">\n\t\t\t\t\t\t<div class=\"ehp-image ehp-zigzag__image-container\">\n\t\t\t\t<img decoding=\"async\" class=\"ehp-image__img ehp-zigzag__img has-shape-rounded shape-type-image\" src=\"https:\/\/challengeboxgames.ch\/wp-content\/uploads\/2026\/04\/Vinci-Challenge.avif\" title=\"Vinci-Challenge\" alt=\"Vinci challenge Zurich\" loading=\"lazy\" \/>\t\t\t<\/div>\n\t\t\t\t\t<\/div>\n\t\t\t\t<div class=\"ehp-zigzag__text-container is-graphic-image\">\n\t\t\t<h3 class=\"ehp-zigzag__title\">Prix pour l\u2019\u00e9quipe gagnante &amp; boisson de bienvenue<\/h3><p class=\"ehp-zigzag__description\">Au d\u00e9but de votre challenge, tous les participants seront accueillis sur place avec une boisson rafra\u00eechissante (avec ou sans alcool). C\u2019est le moment id\u00e9al pour se mettre en condition, faire connaissance et faire monter l\u2019enthousiasme avant le d\u00e9but de l\u2019aventure. \n\nL\u2019\u00e9quipe qui termine la challenge box le plus rapidement (sur les deux jours, samedi \/ dimanche) sera sacr\u00e9e gagnante et recevra un superbe prix de groupe pour votre prochaine aventure d\u2019\u00e9nigmes ensemble. Il s\u2019agit d\u2019une nouvelle formule d\u2019Escape Rooms Z\u00fcrich <\/p>\t\t<\/div>\n\t\t\t\t\t\t\t<\/div>\n\t\t\t\t<\/div>\n\t\t\t\t\t\t\t\t<div class=\"ehp-zigzag__item-wrapper\">\n\t\t\t\t\t<div class=\"ehp-zigzag__item-container\">\n\t\t\t\t\t\t\t\t<div class=\"ehp-zigzag__graphic-element-container has-image\">\n\t\t\t\t\t\t<div class=\"ehp-image ehp-zigzag__image-container ehp-image ehp-zigzag__image-container\">\n\t\t\t\t<img decoding=\"async\" class=\"ehp-image__img ehp-zigzag__img has-shape-rounded shape-type-image\" src=\"https:\/\/challengeboxgames.ch\/wp-content\/uploads\/2026\/03\/31870c_b958b6cf8ef7440b976308ba0aac4212mv2.avif\" title=\"31870c_b958b6cf8ef7440b976308ba0aac4212~mv2\" alt=\"31870c_b958b6cf8ef7440b976308ba0aac4212~mv2\" loading=\"lazy\" \/>\t\t\t<\/div>\n\t\t\t\t\t<\/div>\n\t\t\t\t<div class=\"ehp-zigzag__text-container is-graphic-image\">\n\t\t\t<h3 class=\"ehp-zigzag__title\">D\u00e9couvrez les escape rooms les plus palpitantes de Zurich dans une box !<\/h3><p class=\"ehp-zigzag__description\">\u00c0 l\u2019int\u00e9rieur des valises, vous trouverez des notes manuscrites, des m\u00e9canismes de chiffrement, de vieilles cartes et des \u00e9l\u00e9ments dont vous aurez besoin pour relever les d\u00e9fis \u00e0 venir. Les accessoires en bois, fabriqu\u00e9s avec soin, garantissent une exp\u00e9rience de jeu tactile et immersive. En plus des \u00e9nigmes classiques de logique et d\u2019adresse, une technologie de r\u00e9alit\u00e9 augment\u00e9e de pointe est utilis\u00e9e, reliant les mondes r\u00e9el et virtuel et rendant le jeu particuli\u00e8rement immersif.  <\/p>\t\t<\/div>\n\t\t\t\t\t\t\t<\/div>\n\t\t\t\t<\/div>\n\t\t\t\t\t\t\t\t<div class=\"ehp-zigzag__item-wrapper\">\n\t\t\t\t\t<div class=\"ehp-zigzag__item-container\">\n\t\t\t\t\t\t\t\t<div class=\"ehp-zigzag__graphic-element-container has-image\">\n\t\t\t\t\t\t<div class=\"ehp-image ehp-zigzag__image-container ehp-image ehp-zigzag__image-container ehp-image ehp-zigzag__image-container\">\n\t\t\t\t<img decoding=\"async\" class=\"ehp-image__img ehp-zigzag__img has-shape-rounded shape-type-image\" src=\"https:\/\/challengeboxgames.ch\/wp-content\/uploads\/2026\/03\/31870c_2749088c1aaf4afdb43cefed7d29af7fmv2.avif\" title=\"31870c_2749088c1aaf4afdb43cefed7d29af7f~mv2\" alt=\"31870c_2749088c1aaf4afdb43cefed7d29af7f~mv2\" loading=\"lazy\" \/>\t\t\t<\/div>\n\t\t\t\t\t<\/div>\n\t\t\t\t<div class=\"ehp-zigzag__text-container is-graphic-image\">\n\t\t\t<h3 class=\"ehp-zigzag__title\">Qui est l\u2019expert ultime de l\u2019escape room ?<\/h3><p class=\"ehp-zigzag__description\">Affrontez vos adversaires et mettez en avant vos comp\u00e9tences en escape room. Six \u00e9quipes s\u2019affronteront simultan\u00e9ment, avec 120 minutes de temps de jeu. L\u2019\u00e9quipe qui ouvre toutes les bo\u00eetes le plus rapidement gagne. \u00c0 la fin, toutes les \u00e9quipes participantes devront relever un d\u00e9fi suppl\u00e9mentaire que vous ne pourrez r\u00e9soudre qu\u2019ensemble. Plaisir et nouvelles amiti\u00e9s garantis dans cette nouvelle formule d\u2019escape rooms \u00e0 Zurich !    <\/p>\t\t<\/div>\n\t\t\t\t\t\t\t<\/div>\n\t\t\t\t<\/div>\n\t\t\t\t\t\t\t<\/div>\n\t\t\t\t\t\t<\/div>\n\t\t\t\t<\/div>\n\t\t\t\t\t<\/div>\n\t\t\t\t<\/div>\n\t\t<div class=\"elementor-element elementor-element-43080ddd e-flex e-con-boxed elementor-invisible e-con e-parent\" data-id=\"43080ddd\" data-element_type=\"container\" data-e-type=\"container\" data-settings=\"{&quot;animation&quot;:&quot;fadeIn&quot;}\">\n\t\t\t\t\t<div class=\"e-con-inner\">\n\t\t<div class=\"elementor-element elementor-element-7a6b8ac7 e-con-full e-flex e-con e-child\" data-id=\"7a6b8ac7\" data-element_type=\"container\" data-e-type=\"container\">\n\t\t\t\t<div class=\"elementor-element elementor-element-5a9b50f3 elementor-widget__width-inherit elementor-widget elementor-widget-heading\" data-id=\"5a9b50f3\" data-element_type=\"widget\" data-e-type=\"widget\" data-widget_type=\"heading.default\">\n\t\t\t\t\t<h2 class=\"elementor-heading-title elementor-size-default\">Demandez un devis pour votre prochain team building<\/h2>\t\t\t\t<\/div>\n\t\t\t\t<\/div>\n\t\t\t\t\t<\/div>\n\t\t\t\t<\/div>\n\t\t<div class=\"elementor-element elementor-element-e99d72c e-flex e-con-boxed elementor-invisible e-con e-parent\" data-id=\"e99d72c\" data-element_type=\"container\" data-e-type=\"container\" data-settings=\"{&quot;background_background&quot;:&quot;classic&quot;,&quot;animation&quot;:&quot;fadeIn&quot;}\">\n\t\t\t\t\t<div class=\"e-con-inner\">\n\t\t<div class=\"elementor-element elementor-element-68d8d848 e-flex e-con-boxed e-con e-child\" data-id=\"68d8d848\" data-element_type=\"container\" data-e-type=\"container\">\n\t\t\t\t\t<div class=\"e-con-inner\">\n\t\t\t\t<div class=\"elementor-element elementor-element-5ed4943a elementor-widget-mobile__width-inherit elementor-widget elementor-widget-cta\" data-id=\"5ed4943a\" data-element_type=\"widget\" data-e-type=\"widget\" data-settings=\"{&quot;cta_position&quot;:&quot;column&quot;,&quot;secondary_button_shape&quot;:&quot;round&quot;,&quot;layout_preset&quot;:&quot;streamline&quot;,&quot;content_alignment&quot;:&quot;center&quot;,&quot;content_alignment_tablet&quot;:&quot;center&quot;,&quot;content_alignment_mobile&quot;:&quot;center&quot;,&quot;primary_button_shape&quot;:&quot;default&quot;,&quot;cta_width&quot;:&quot;default&quot;,&quot;box_shape&quot;:&quot;sharp&quot;}\" data-widget_type=\"cta.default\">\n\t\t\t\t<div class=\"elementor-widget-container\">\n\t\t\t\t\t\t\t<div class=\"has-shape-sharp shape-type-box ehp-cta has-preset-streamline\">\n\t\t\t<div class=\"ehp-cta__overlay\"><\/div>\n\t\t\t<div class=\"ehp-cta__elements-container\">\n\t\t\t\t\t\t<div class=\"ehp-cta__text-container\">\n\t\t\t<p class=\"ehp-cta__description\">Parlez-nous de votre \u00e9quipe, de la date de votre \u00e9v\u00e9nement et du lieu en Suisse, et nous vous enverrons une offre sur mesure avec les <a href=\"https:\/\/challengeboxgames.ch\/our-games\" target=\"_blank\" rel=\"noopener noreferrer\">\njeux\n<\/a> recommand\u00e9s, les tarifs et les d\u00e9tails logistiques dans un d\u00e9lai d'un jour ouvrable.<\/br>D\u00e9couvrez \u00e9galement nos autres <a href=\"https:\/\/outdoor-escape-games.ch\/en\/team-event\/\" target=\"_blank\" rel=\"noopener noreferrer\">\njeux d'\u00e9vasion en ext\u00e9rieur pour \u00e9v\u00e9nements d'entreprise\n<\/a><\/p>\t\t<\/div>\n\t\t\t\t\t<div class=\"ehp-cta__ctas-container has-cta-width-default\">\n\t\t\t\t<div class=\"ehp-cta__buttons-wrapper\">\n\t\t\t\t\t\t\t\t\t\t\t\t<a class=\"has-shape-round shape-type-button ehp-button ehp-button--secondary ehp-cta__button ehp-cta__button--secondary is-type-button elementor-animation-shrink has-border\" href=\"\/contact\">\n\t\t\t\t\t<span class=\"ehp-button__text ehp-cta__button-text ehp-cta__button-text--secondary\">\n\t\t\tNous contacter\t\t\t\t<\/a>\n\t\t\t\t\t\t<\/div>\n\t\t\t<\/div>\n\t\t\t\t\t<\/div>\n\t\t<\/div>\n\t\t\t\t\t\t<\/div>\n\t\t\t\t<\/div>\n\t\t\t\t\t<\/div>\n\t\t\t\t<\/div>\n\t\t\t\t\t<\/div>\n\t\t\t\t<\/div>\n\t\t\t\t<\/div>\n\t\t","protected":false},"excerpt":{"rendered":"<p>Challengebox dans votre villeEscape rooms Z\u00fcrich Condition \ud83d\udd25 Au moins trois groupes doivent \u00eatre inscrits ; sinon, la session n\u2019aura pas lieu. Dans ce cas, vous en serez inform\u00e9(e) 48 heures \u00e0 l\u2019avance, et la r\u00e9servation sera annul\u00e9e et le montant total rembours\u00e9.\ud83d\udd25 R\u00e9servez votre Challenge Box d\u00e8s maintenant ! Prix pour l\u2019\u00e9quipe gagnante &amp; [&hellip;]<\/p>\n","protected":false},"author":1,"featured_media":0,"parent":0,"menu_order":0,"comment_status":"closed","ping_status":"closed","template":"","meta":{"footnotes":""},"class_list":["post-933","page","type-page","status-publish","hentry"],"_links":{"self":[{"href":"https:\/\/challengeboxgames.ch\/fr\/wp-json\/wp\/v2\/pages\/933","targetHints":{"allow":["GET"]}}],"collection":[{"href":"https:\/\/challengeboxgames.ch\/fr\/wp-json\/wp\/v2\/pages"}],"about":[{"href":"https:\/\/challengeboxgames.ch\/fr\/wp-json\/wp\/v2\/types\/page"}],"author":[{"embeddable":true,"href":"https:\/\/challengeboxgames.ch\/fr\/wp-json\/wp\/v2\/users\/1"}],"replies":[{"embeddable":true,"href":"https:\/\/challengeboxgames.ch\/fr\/wp-json\/wp\/v2\/comments?post=933"}],"version-history":[{"count":2,"href":"https:\/\/challengeboxgames.ch\/fr\/wp-json\/wp\/v2\/pages\/933\/revisions"}],"predecessor-version":[{"id":1123,"href":"https:\/\/challengeboxgames.ch\/fr\/wp-json\/wp\/v2\/pages\/933\/revisions\/1123"}],"wp:attachment":[{"href":"https:\/\/challengeboxgames.ch\/fr\/wp-json\/wp\/v2\/media?parent=933"}],"curies":[{"name":"wp","href":"https:\/\/api.w.org\/{rel}","templated":true}]}}