{"id":927,"date":"2026-04-09T14:01:17","date_gmt":"2026-04-09T14:01:17","guid":{"rendered":"https:\/\/challengeboxgames.ch\/nos-jeux\/"},"modified":"2026-04-16T10:21:25","modified_gmt":"2026-04-16T10:21:25","slug":"jeux-de-team-building","status":"publish","type":"page","link":"https:\/\/challengeboxgames.ch\/fr\/jeux-de-team-building\/","title":{"rendered":"Nos jeux"},"content":{"rendered":"\t\t<div data-elementor-type=\"wp-page\" data-elementor-id=\"927\" class=\"elementor elementor-927 elementor-632\" data-elementor-post-type=\"page\">\n\t\t\t\t<div class=\"elementor-element elementor-element-45b90005 e-flex e-con-boxed e-con e-parent\" data-id=\"45b90005\" data-element_type=\"container\" data-e-type=\"container\">\n\t\t\t\t\t<div class=\"e-con-inner\">\n\t\t\t\t<div class=\"elementor-element elementor-element-3b46fbca elementor-widget elementor-widget-flex-hero\" data-id=\"3b46fbca\" data-element_type=\"widget\" data-e-type=\"widget\" data-settings=\"{&quot;layout_preset&quot;:&quot;storytelling&quot;,&quot;primary_button_shape&quot;:&quot;default&quot;,&quot;image_shape&quot;:&quot;sharp&quot;,&quot;box_shape&quot;:&quot;sharp&quot;}\" data-widget_type=\"flex-hero.default\">\n\t\t\t\t<div class=\"elementor-widget-container\">\n\t\t\t\t\t\t\t<div class=\"has-shape-sharp shape-type-box ehp-flex-hero has-layout-preset-storytelling\">\n\t\t\t\t\t\t<div class=\"ehp-flex-hero__overlay\"><\/div>\n\t\t\t<div class=\"ehp-flex-hero__content-container\">\n\t\t\t\t\t\t\t<div class=\"ehp-flex-hero__ctas-container\">\n\t\t\t\t\t\t\t\t\t\t\t<\/div>\n\t\t\t\t\t<\/div>\n\t\t\t\t<div class=\"ehp-flex-hero__image-wrapper\">\n\t\t\t\t\t<div class=\"ehp-image ehp-flex-hero__image-container\">\n\t\t\t\t<img decoding=\"async\" class=\"ehp-image__img ehp-flex-hero__img has-shape-sharp shape-type-image\" src=\"https:\/\/challengeboxgames.ch\/wp-content\/uploads\/2026\/04\/31870c_53d1b490736043888371aa2b67a49bd1mv2.avif\" title=\"31870c_53d1b490736043888371aa2b67a49bd1~mv2\" alt=\"team building games\" loading=\"lazy\" \/>\t\t\t<\/div>\n\t\t\t\t\t<\/div>\n\t\t\t\t<\/div>\n\t\t\t\t\t\t<\/div>\n\t\t\t\t<\/div>\n\t\t\t\t\t<\/div>\n\t\t\t\t<\/div>\n\t\t<div class=\"elementor-element elementor-element-bf9e359 e-flex e-con-boxed elementor-invisible e-con e-parent\" data-id=\"bf9e359\" data-element_type=\"container\" data-e-type=\"container\" data-settings=\"{&quot;animation&quot;:&quot;fadeIn&quot;}\">\n\t\t\t\t\t<div class=\"e-con-inner\">\n\t\t<div class=\"elementor-element elementor-element-f55ab5c e-con-full e-flex e-con e-child\" data-id=\"f55ab5c\" data-element_type=\"container\" data-e-type=\"container\">\n\t\t\t\t<div class=\"elementor-element elementor-element-6aaddd9 elementor-widget__width-inherit elementor-widget elementor-widget-heading\" data-id=\"6aaddd9\" data-element_type=\"widget\" data-e-type=\"widget\" data-widget_type=\"heading.default\">\n\t\t\t\t\t<h2 class=\"elementor-heading-title elementor-size-default\">Jeux de Team Building<\/h2>\t\t\t\t<\/div>\n\t\t\t\t<\/div>\n\t\t\t\t\t<\/div>\n\t\t\t\t<\/div>\n\t\t<div class=\"elementor-element elementor-element-61165b0 e-flex e-con-boxed e-con e-parent\" data-id=\"61165b0\" data-element_type=\"container\" data-e-type=\"container\" data-settings=\"{&quot;background_background&quot;:&quot;classic&quot;}\">\n\t\t\t\t\t<div class=\"e-con-inner\">\n\t\t\t\t<div class=\"elementor-element elementor-element-7bb0bb7 elementor-widget__width-inherit elementor-widget elementor-widget-zigzag\" data-id=\"7bb0bb7\" data-element_type=\"widget\" data-e-type=\"widget\" data-settings=\"{&quot;image_shape&quot;:&quot;rounded&quot;,&quot;primary_button_shape&quot;:&quot;round&quot;}\" data-widget_type=\"zigzag.default\">\n\t\t\t\t<div class=\"elementor-widget-container\">\n\t\t\t\t\t\t\t<div class=\"ehp-zigzag has-direction-start\">\n\t\t\t\t\t\t\t<div class=\"ehp-zigzag__item-wrapper\">\n\t\t\t\t\t<div class=\"ehp-zigzag__item-container\">\n\t\t\t\t\t\t\t\t<div class=\"ehp-zigzag__graphic-element-container has-image\">\n\t\t\t\t\t\t<div class=\"ehp-image ehp-zigzag__image-container\">\n\t\t\t\t<img decoding=\"async\" class=\"ehp-image__img ehp-zigzag__img has-shape-rounded shape-type-image\" src=\"https:\/\/challengeboxgames.ch\/wp-content\/uploads\/2026\/03\/31870c_dabd3e06264a4bce8be5f325abf36f9fmv2.avif\" title=\"31870c_dabd3e06264a4bce8be5f325abf36f9f~mv2\" alt=\"31870c_dabd3e06264a4bce8be5f325abf36f9f~mv2\" loading=\"lazy\" \/>\t\t\t<\/div>\n\t\t\t\t\t<\/div>\n\t\t\t\t<div class=\"ehp-zigzag__text-container is-graphic-image\">\n\t\t\t<h3 class=\"ehp-zigzag__title\">Vinci<\/h3><p class=\"ehp-zigzag__description\">En travaillant en \u00e9quipes, les joueurs d\u00e9codent les m\u00e9canismes, obtiennent des composants cl\u00e9s et, ensemble, reconstruisent le mod\u00e8le de la machine. \u00c0 un moment crucial, le jeu passe d\u2019une comp\u00e9tition amicale \u00e0 la collaboration : ce n\u2019est qu\u2019en combinant les efforts et les composants de toutes les \u00e9quipes que le groupe peut achever la construction <a href=\"https:\/\/challengeboxgames.ch\/fr\/evenement-entreprise-vinci\/\" target=\"_blank\" rel=\"noopener noreferrer\">\n Vinci\n<\/a>.\nL\u2019exp\u00e9rience est enrichie par une application de r\u00e9alit\u00e9 augment\u00e9e d\u00e9di\u00e9e, apportant une touche technologique moderne \u00e0 cette histoire de la Renaissance. Vinci Chest est un choix id\u00e9al pour les entreprises \u00e0 la recherche d\u2019un format de jeux de team building sophistiqu\u00e9 et cr\u00e9atif.  <\/p>\t\t<div class=\"ehp-zigzag__button-container\">\n\t\t\t<a class=\"ehp-button ehp-button--primary ehp-zigzag__button ehp-zigzag__button--primary is-type-button elementor-animation-shrink has-border has-shape-round shape-type-button\" href=\"\/vinci\">\n\t\t\t\t<span class=\"ehp-zigzag__button-text\">En savoir plus<\/span>\t\t\t\t\t<\/a>\n\t\t<\/div>\n\t\t\t\t<\/div>\n\t\t\t\t\t\t\t<\/div>\n\t\t\t\t<\/div>\n\t\t\t\t\t\t\t\t<div class=\"ehp-zigzag__item-wrapper\">\n\t\t\t\t\t<div class=\"ehp-zigzag__item-container\">\n\t\t\t\t\t\t\t\t<div class=\"ehp-zigzag__graphic-element-container has-image\">\n\t\t\t\t\t\t<div class=\"ehp-image ehp-zigzag__image-container ehp-image ehp-zigzag__image-container\">\n\t\t\t\t<img decoding=\"async\" class=\"ehp-image__img ehp-zigzag__img has-shape-rounded shape-type-image\" src=\"https:\/\/challengeboxgames.ch\/wp-content\/uploads\/2026\/03\/31870c_224ffa8acc1b4cbfa710c2e943ccb668mv2.avif\" title=\"31870c_224ffa8acc1b4cbfa710c2e943ccb668~mv2\" alt=\"31870c_224ffa8acc1b4cbfa710c2e943ccb668~mv2\" loading=\"lazy\" \/>\t\t\t<\/div>\n\t\t\t\t\t<\/div>\n\t\t\t\t<div class=\"ehp-zigzag__text-container is-graphic-image\">\n\t\t\t<h3 class=\"ehp-zigzag__title\">Aztec<\/h3><p class=\"ehp-zigzag__description\">Le long du parcours, les \u00e9quipes font face \u00e0 un m\u00e9lange de d\u00e9fis d'adresse, d'\u00e9nigmes logiques, de d\u00e9fis d'exploration et de rencontres avec des personnages myst\u00e9rieux. Guid\u00e9es par le journal du voyageur du XIXe si\u00e8cle John Flinders, elles examinent des artefacts, d\u00e9codent des symboles, d\u00e9couvrent les croyances anciennes et r\u00e9v\u00e8lent les r\u00e9alisations de civilisations disparues, tout en recherchant de l'or cach\u00e9 et des artefacts pr\u00e9cieux. <\/br>\n\nLe parcours <a href=\"https:\/\/challengeboxgames.ch\/fr\/teambuilding-aztec\/\" target=\"_blank\" rel=\"noopener noreferrer\">\n Aztec\n<\/a> comprend au moins 20 d\u00e9fis vari\u00e9s (jusqu\u2019\u00e0 30 pour les groupes plus importants), ainsi que des moments uniques, comme l\u2019allumage du calumet de la paix avec un animateur d\u00e9guis\u00e9 en chaman ethnique. C\u2019est une aventure inoubliable de jeux de team building en plein air. <\/p>\t\t<div class=\"ehp-zigzag__button-container ehp-zigzag__button-container\">\n\t\t\t<a class=\"ehp-button ehp-button--primary ehp-zigzag__button ehp-zigzag__button--primary is-type-button elementor-animation-shrink has-border has-shape-round shape-type-button\" href=\"https:\/\/challengeboxgames.ch\/aztec\/\">\n\t\t\t\t<span class=\"ehp-zigzag__button-text\">En savoir plus<\/span>\t\t\t\t\t<\/a>\n\t\t<\/div>\n\t\t\t\t<\/div>\n\t\t\t\t\t\t\t<\/div>\n\t\t\t\t<\/div>\n\t\t\t\t\t\t\t\t<div class=\"ehp-zigzag__item-wrapper\">\n\t\t\t\t\t<div class=\"ehp-zigzag__item-container\">\n\t\t\t\t\t\t\t\t<div class=\"ehp-zigzag__graphic-element-container has-image\">\n\t\t\t\t\t\t<div class=\"ehp-image ehp-zigzag__image-container ehp-image ehp-zigzag__image-container ehp-image ehp-zigzag__image-container\">\n\t\t\t\t<img decoding=\"async\" class=\"ehp-image__img ehp-zigzag__img has-shape-rounded shape-type-image\" src=\"https:\/\/challengeboxgames.ch\/wp-content\/uploads\/2026\/03\/31870c_4899be506c85493691e16aed536bb967mv2.avif\" title=\"31870c_4899be506c85493691e16aed536bb967~mv2\" alt=\"31870c_4899be506c85493691e16aed536bb967~mv2\" loading=\"lazy\" \/>\t\t\t<\/div>\n\t\t\t\t\t<\/div>\n\t\t\t\t<div class=\"ehp-zigzag__text-container is-graphic-image\">\n\t\t\t<h3 class=\"ehp-zigzag__title\">Zodiac<\/h3><p class=\"ehp-zigzag__description\">\u00c9tape par \u00e9tape, les \u00e9quipes d\u00e9couvrent la v\u00e9rit\u00e9 sur une s\u00e9rie de crimes choquants commis il y a des ann\u00e9es. Pour r\u00e9soudre l\u2019intrigue, elles doivent relier tous les indices recueillis et, surtout, partager les informations avec les autres \u00e9quipes. <\/br>Seule une coop\u00e9ration totale et une communication efficace m\u00e8nent \u00e0 la r\u00e9ussite compl\u00e8te.\nConditionn\u00e9 dans des valises transportables, <a href=\"https:\/\/challengeboxgames.ch\/fr\/teambuilding-zodiac\/\" target=\"_blank\" rel=\"noopener noreferrer\">\n Zodiac\n<\/a>c Chest apporte toute l\u2019excitation d\u2019un escape game directement dans vos bureaux, votre h\u00f4tel ou votre lieu d\u2019\u00e9v\u00e9nement. <\/br>Facile \u00e0 organiser et tr\u00e8s engageant, il est parfait pour les grands groupes d\u2019entreprise. <\/p>\t\t<div class=\"ehp-zigzag__button-container ehp-zigzag__button-container ehp-zigzag__button-container\">\n\t\t\t<a class=\"ehp-button ehp-button--primary ehp-zigzag__button ehp-zigzag__button--primary is-type-button elementor-animation-shrink has-border has-shape-round shape-type-button\" href=\"\/zodiac\">\n\t\t\t\t<span class=\"ehp-zigzag__button-text\">En savoir plus<\/span>\t\t\t\t\t<\/a>\n\t\t<\/div>\n\t\t\t\t<\/div>\n\t\t\t\t\t\t\t<\/div>\n\t\t\t\t<\/div>\n\t\t\t\t\t\t\t<\/div>\n\t\t\t\t\t\t<\/div>\n\t\t\t\t<\/div>\n\t\t\t\t\t<\/div>\n\t\t\t\t<\/div>\n\t\t<div class=\"elementor-element elementor-element-3bdc3da5 e-flex e-con-boxed elementor-invisible e-con e-parent\" data-id=\"3bdc3da5\" data-element_type=\"container\" data-e-type=\"container\" data-settings=\"{&quot;animation&quot;:&quot;fadeIn&quot;}\">\n\t\t\t\t\t<div class=\"e-con-inner\">\n\t\t<div class=\"elementor-element elementor-element-53bad6ea e-con-full e-flex e-con e-child\" data-id=\"53bad6ea\" data-element_type=\"container\" data-e-type=\"container\">\n\t\t\t\t<div class=\"elementor-element elementor-element-71d56dc3 elementor-widget__width-inherit elementor-widget elementor-widget-heading\" data-id=\"71d56dc3\" data-element_type=\"widget\" data-e-type=\"widget\" data-widget_type=\"heading.default\">\n\t\t\t\t\t<h2 class=\"elementor-heading-title elementor-size-default\">Vous recherchez un jeu de team building ?<\/br>  Demandez un devis pour votre prochain \u00e9v\u00e9nement<\/h2>\t\t\t\t<\/div>\n\t\t\t\t<\/div>\n\t\t\t\t\t<\/div>\n\t\t\t\t<\/div>\n\t\t<div class=\"elementor-element elementor-element-61fb2cb6 e-flex e-con-boxed elementor-invisible e-con e-parent\" data-id=\"61fb2cb6\" data-element_type=\"container\" data-e-type=\"container\" data-settings=\"{&quot;background_background&quot;:&quot;classic&quot;,&quot;animation&quot;:&quot;fadeIn&quot;}\">\n\t\t\t\t\t<div class=\"e-con-inner\">\n\t\t<div class=\"elementor-element elementor-element-43745565 e-flex e-con-boxed e-con e-child\" data-id=\"43745565\" data-element_type=\"container\" data-e-type=\"container\">\n\t\t\t\t\t<div class=\"e-con-inner\">\n\t\t\t\t<div class=\"elementor-element elementor-element-5a8fa3dc elementor-widget-mobile__width-inherit elementor-widget elementor-widget-cta\" data-id=\"5a8fa3dc\" data-element_type=\"widget\" data-e-type=\"widget\" data-settings=\"{&quot;cta_position&quot;:&quot;column&quot;,&quot;secondary_button_shape&quot;:&quot;round&quot;,&quot;layout_preset&quot;:&quot;streamline&quot;,&quot;content_alignment&quot;:&quot;center&quot;,&quot;content_alignment_tablet&quot;:&quot;center&quot;,&quot;content_alignment_mobile&quot;:&quot;center&quot;,&quot;primary_button_shape&quot;:&quot;default&quot;,&quot;cta_width&quot;:&quot;default&quot;,&quot;box_shape&quot;:&quot;sharp&quot;}\" data-widget_type=\"cta.default\">\n\t\t\t\t<div class=\"elementor-widget-container\">\n\t\t\t\t\t\t\t<div class=\"has-shape-sharp shape-type-box ehp-cta has-preset-streamline\">\n\t\t\t<div class=\"ehp-cta__overlay\"><\/div>\n\t\t\t<div class=\"ehp-cta__elements-container\">\n\t\t\t\t\t\t<div class=\"ehp-cta__text-container\">\n\t\t\t<p class=\"ehp-cta__description\">Parlez-nous de votre \u00e9quipe, de la date de l\u2019\u00e9v\u00e9nement et du lieu en Suisse, et nous vous enverrons, sous un jour ouvrable, une offre sur mesure avec des jeux de team building recommand\u00e9s, les tarifs et les d\u00e9tails logistiques. <\/br>D\u00e9couvrez \u00e9galement nos autres <a href=\"https:\/\/outdoor-escape-games.ch\/en\/team-event\/\" target=\"_blank\" rel=\"noopener noreferrer\">\n escape games outdoor de team building\n<\/a><\/p>\t\t<\/div>\n\t\t\t\t\t<div class=\"ehp-cta__ctas-container has-cta-width-default\">\n\t\t\t\t<div class=\"ehp-cta__buttons-wrapper\">\n\t\t\t\t\t\t\t\t\t\t\t\t<a class=\"has-shape-round shape-type-button ehp-button ehp-button--secondary ehp-cta__button ehp-cta__button--secondary is-type-button elementor-animation-shrink has-border\" href=\"\/contact\">\n\t\t\t\t\t<span class=\"ehp-button__text ehp-cta__button-text ehp-cta__button-text--secondary\">\n\t\t\tNous contacter\t\t\t\t<\/a>\n\t\t\t\t\t\t<\/div>\n\t\t\t<\/div>\n\t\t\t\t\t<\/div>\n\t\t<\/div>\n\t\t\t\t\t\t<\/div>\n\t\t\t\t<\/div>\n\t\t\t\t\t<\/div>\n\t\t\t\t<\/div>\n\t\t\t\t\t<\/div>\n\t\t\t\t<\/div>\n\t\t\t\t<\/div>\n\t\t","protected":false},"excerpt":{"rendered":"<p>Jeux de Team Building Vinci En travaillant en \u00e9quipes, les joueurs d\u00e9codent les m\u00e9canismes, obtiennent des composants cl\u00e9s et, ensemble, reconstruisent le mod\u00e8le de la machine. \u00c0 un moment crucial, le jeu passe d\u2019une comp\u00e9tition amicale \u00e0 la collaboration : ce n\u2019est qu\u2019en combinant les efforts et les composants de toutes les \u00e9quipes que le [&hellip;]<\/p>\n","protected":false},"author":1,"featured_media":0,"parent":0,"menu_order":0,"comment_status":"closed","ping_status":"closed","template":"","meta":{"footnotes":""},"class_list":["post-927","page","type-page","status-publish","hentry"],"_links":{"self":[{"href":"https:\/\/challengeboxgames.ch\/fr\/wp-json\/wp\/v2\/pages\/927","targetHints":{"allow":["GET"]}}],"collection":[{"href":"https:\/\/challengeboxgames.ch\/fr\/wp-json\/wp\/v2\/pages"}],"about":[{"href":"https:\/\/challengeboxgames.ch\/fr\/wp-json\/wp\/v2\/types\/page"}],"author":[{"embeddable":true,"href":"https:\/\/challengeboxgames.ch\/fr\/wp-json\/wp\/v2\/users\/1"}],"replies":[{"embeddable":true,"href":"https:\/\/challengeboxgames.ch\/fr\/wp-json\/wp\/v2\/comments?post=927"}],"version-history":[{"count":4,"href":"https:\/\/challengeboxgames.ch\/fr\/wp-json\/wp\/v2\/pages\/927\/revisions"}],"predecessor-version":[{"id":1148,"href":"https:\/\/challengeboxgames.ch\/fr\/wp-json\/wp\/v2\/pages\/927\/revisions\/1148"}],"wp:attachment":[{"href":"https:\/\/challengeboxgames.ch\/fr\/wp-json\/wp\/v2\/media?parent=927"}],"curies":[{"name":"wp","href":"https:\/\/api.w.org\/{rel}","templated":true}]}}