{"id":1027,"date":"2026-03-04T15:16:09","date_gmt":"2026-03-04T15:16:09","guid":{"rendered":"https:\/\/challengeboxgames.ch\/a-propos-de-nous\/"},"modified":"2026-04-16T10:01:06","modified_gmt":"2026-04-16T10:01:06","slug":"evenement-entreprise-idee-activite-a-propos","status":"publish","type":"page","link":"https:\/\/challengeboxgames.ch\/fr\/evenement-entreprise-idee-activite-a-propos\/","title":{"rendered":"\u00c0 propos de nous"},"content":{"rendered":"\t\t<div data-elementor-type=\"wp-page\" data-elementor-id=\"1027\" class=\"elementor elementor-1027 elementor-35\" data-elementor-post-type=\"page\">\n\t\t\t\t<div class=\"elementor-element elementor-element-1e9cf9c e-flex e-con-boxed elementor-invisible e-con e-parent\" data-id=\"1e9cf9c\" data-element_type=\"container\" data-e-type=\"container\" data-settings=\"{&quot;animation&quot;:&quot;fadeIn&quot;}\">\n\t\t\t\t\t<div class=\"e-con-inner\">\n\t\t<div class=\"elementor-element elementor-element-ee855a0 e-con-full e-flex e-con e-child\" data-id=\"ee855a0\" data-element_type=\"container\" data-e-type=\"container\">\n\t\t\t\t<div class=\"elementor-element elementor-element-a7c116c elementor-widget__width-inherit elementor-widget elementor-widget-heading\" data-id=\"a7c116c\" data-element_type=\"widget\" data-e-type=\"widget\" data-widget_type=\"heading.default\">\n\t\t\t\t\t<h1 class=\"elementor-heading-title elementor-size-default\">Vous recherchez des id\u00e9es d\u2019activit\u00e9s pour un \u00e9v\u00e9nement d\u2019entreprise ?<\/h1>\t\t\t\t<\/div>\n\t\t\t\t<\/div>\n\t\t\t\t\t<\/div>\n\t\t\t\t<\/div>\n\t\t<div class=\"elementor-element elementor-element-4e2d6cc2 e-flex e-con-boxed elementor-invisible e-con e-parent\" data-id=\"4e2d6cc2\" data-element_type=\"container\" data-e-type=\"container\" data-settings=\"{&quot;animation&quot;:&quot;fadeIn&quot;}\">\n\t\t\t\t\t<div class=\"e-con-inner\">\n\t\t\t\t<div class=\"elementor-element elementor-element-38b0c2f7 elementor-widget elementor-widget-flex-hero\" data-id=\"38b0c2f7\" data-element_type=\"widget\" data-e-type=\"widget\" data-settings=\"{&quot;image_shape&quot;:&quot;rounded&quot;,&quot;layout_image_position_tablet&quot;:&quot;end&quot;,&quot;layout_preset&quot;:&quot;showcase&quot;,&quot;layout_column_structure&quot;:&quot;50-50&quot;,&quot;layout_image_position&quot;:&quot;end&quot;,&quot;primary_button_shape&quot;:&quot;default&quot;,&quot;box_shape&quot;:&quot;sharp&quot;}\" data-widget_type=\"flex-hero.default\">\n\t\t\t\t<div class=\"elementor-widget-container\">\n\t\t\t\t\t\t\t<div class=\"has-shape-sharp shape-type-box has-column-structure-50-50  ehp-flex-hero has-layout-preset-showcase has-image-position-end has-image-position-md-end\">\n\t\t\t\t\t\t<div class=\"ehp-flex-hero__overlay\"><\/div>\n\t\t\t<div class=\"ehp-flex-hero__content-container\">\n\t\t\t\t<h2 class=\"ehp-flex-hero__heading\">\u00c0 propos de nous<\/h2><h3 class=\"ehp-flex-hero__subheading\">Nous cr\u00e9ons des jeux immersifs et sc\u00e9naris\u00e9s pour les entreprises qui souhaitent plus qu\u2019un simple atelier de team building standard. Nos exp\u00e9riences portables m\u00ealent \u00e9nigmes de type escape room, intrigues narratives et d\u00e9fis pratiques, con\u00e7us sp\u00e9cifiquement pour des \u00e9quipes d\u2019entreprise de 6 \u00e0 plus de 200 personnes. <\/br>\nBas\u00e9s en Suisse, nous collaborons avec les \u00e9quipes RH, les organisateurs d\u2019\u00e9v\u00e9nements et les chefs d\u2019entreprise pour transformer les r\u00e9unions, s\u00e9minaires et conf\u00e9rences en aventures partag\u00e9es. Chaque sc\u00e9nario est con\u00e7u pour encourager une r\u00e9elle collaboration, une communication plus efficace et des moments m\u00e9morables dont votre \u00e9quipe parlera encore longtemps apr\u00e8s la fin de l\u2019\u00e9v\u00e9nement.\nNous organisons \u00e9galement des <a href=\"https:\/\/outdoor-escape-games.ch\/en\/team-event\/\" target=\"_blank\" rel=\"noopener noreferrer\">\n jeux d\u2019\u00e9vasion ext\u00e9rieurs pour le team building\n<\/a> partout en Suisse.  <\/h3>\t\t\t<div class=\"ehp-flex-hero__ctas-container\">\n\t\t\t\t\t\t\t\t\t\t\t<\/div>\n\t\t\t\t\t<\/div>\n\t\t\t\t<div class=\"ehp-flex-hero__image-wrapper\">\n\t\t\t\t\t<div class=\"ehp-image ehp-flex-hero__image-container\">\n\t\t\t\t<img decoding=\"async\" class=\"ehp-image__img ehp-flex-hero__img has-shape-rounded shape-type-image\" src=\"https:\/\/challengeboxgames.ch\/wp-content\/uploads\/2026\/04\/Team-Challengebox.avif\" title=\"Team Challengebox\" alt=\"Team Challengebox\" loading=\"lazy\" \/>\t\t\t<\/div>\n\t\t\t\t\t<\/div>\n\t\t\t\t<\/div>\n\t\t\t\t\t\t<\/div>\n\t\t\t\t<\/div>\n\t\t\t\t\t<\/div>\n\t\t\t\t<\/div>\n\t\t<div class=\"elementor-element elementor-element-2f4ebf9 e-flex e-con-boxed elementor-invisible e-con e-parent\" data-id=\"2f4ebf9\" data-element_type=\"container\" data-e-type=\"container\" data-settings=\"{&quot;animation&quot;:&quot;fadeIn&quot;}\">\n\t\t\t\t\t<div class=\"e-con-inner\">\n\t\t<div class=\"elementor-element elementor-element-d7c2501 e-con-full e-flex e-con e-child\" data-id=\"d7c2501\" data-element_type=\"container\" data-e-type=\"container\">\n\t\t\t\t<div class=\"elementor-element elementor-element-61e210d elementor-widget__width-inherit elementor-widget elementor-widget-heading\" data-id=\"61e210d\" data-element_type=\"widget\" data-e-type=\"widget\" data-widget_type=\"heading.default\">\n\t\t\t\t\t<h2 class=\"elementor-heading-title elementor-size-default\">Transformez votre activit\u00e9 d\u2019\u00e9v\u00e9nement d\u2019entreprise en une aventure partag\u00e9e<\/h2>\t\t\t\t<\/div>\n\t\t\t\t<\/div>\n\t\t\t\t\t<\/div>\n\t\t\t\t<\/div>\n\t\t<div class=\"elementor-element elementor-element-c7ee030 e-flex e-con-boxed elementor-invisible e-con e-parent\" data-id=\"c7ee030\" data-element_type=\"container\" data-e-type=\"container\" data-settings=\"{&quot;background_background&quot;:&quot;classic&quot;,&quot;animation&quot;:&quot;fadeIn&quot;}\">\n\t\t\t\t\t<div class=\"e-con-inner\">\n\t\t<div class=\"elementor-element elementor-element-a31c756 e-flex e-con-boxed e-con e-child\" data-id=\"a31c756\" data-element_type=\"container\" data-e-type=\"container\">\n\t\t\t\t\t<div class=\"e-con-inner\">\n\t\t\t\t<div class=\"elementor-element elementor-element-1dbfa6d elementor-widget-mobile__width-inherit elementor-widget elementor-widget-cta\" data-id=\"1dbfa6d\" data-element_type=\"widget\" data-e-type=\"widget\" data-settings=\"{&quot;secondary_button_shape&quot;:&quot;round&quot;,&quot;layout_preset&quot;:&quot;showcase&quot;,&quot;image_shape&quot;:&quot;rounded&quot;,&quot;layout_column_structure&quot;:&quot;50-50&quot;,&quot;image_horizontal_position&quot;:&quot;start&quot;,&quot;image_horizontal_position_tablet&quot;:&quot;start&quot;,&quot;image_horizontal_position_mobile&quot;:&quot;start&quot;,&quot;content_position_vertical&quot;:&quot;start&quot;,&quot;content_position_vertical_tablet&quot;:&quot;start&quot;,&quot;primary_button_shape&quot;:&quot;default&quot;,&quot;box_shape&quot;:&quot;sharp&quot;}\" data-widget_type=\"cta.default\">\n\t\t\t\t<div class=\"elementor-widget-container\">\n\t\t\t\t\t\t\t<div class=\"has-shape-sharp shape-type-box ehp-cta has-preset-showcase\">\n\t\t\t<div class=\"ehp-cta__overlay\"><\/div>\n\t\t\t<div class=\"has-column-structure-50-50  ehp-cta__elements-container has-image-position-start has-image-position-md-start has-image-position-sm-start\">\n\t\t\t\t\t\t\t<div class=\"ehp-image ehp-cta__image-container\">\n\t\t\t\t<img decoding=\"async\" class=\"ehp-image__img ehp-cta__img has-shape-rounded shape-type-image\" src=\"https:\/\/challengeboxgames.ch\/wp-content\/uploads\/2026\/04\/Teambuilding-Challengebox.avif\" title=\"Teambuilding-Challengebox\" alt=\"Teambuilding-Challengebox\" loading=\"lazy\" \/>\t\t\t<\/div>\n\t\t\t\t\t<div class=\"ehp-cta__text-container\">\n\t\t\t<p class=\"ehp-cta__description\">Nos <a href=\"https:\/\/challengeboxgames.ch\/our-games\" target=\"_blank\" rel=\"noopener noreferrer\">\n jeux sc\u00e9naris\u00e9s\n<\/a> portables sont con\u00e7us sp\u00e9cifiquement pour des \u00e9quipes de 6 \u00e0 plus de 200 personnes\n et m\u00ealent \u00e9nigmes logiques, t\u00e2ches physiques et intrigues narratives.\n<ul>\n  <li>Renforcez la collaboration entre \u00e9quipes et d\u00e9partements<\/li>\n  <li>Am\u00e9liorez la communication sous pression temporelle<\/li>\n  <li>Cr\u00e9ez des exp\u00e9riences partag\u00e9es m\u00e9morables dont les employ\u00e9s parleront<\/li>\n  <li>Faciles \u00e0 installer dans les bureaux, h\u00f4tels, centres de conf\u00e9rence et lieux d'\u00e9v\u00e9nements \u00e0 travers la Suisse.<\/li>\n<\/ul><\/p>\t\t\t<div class=\"ehp-cta__ctas-container\">\n\t\t\t\t<div class=\"ehp-cta__buttons-wrapper\">\n\t\t\t\t\t\t\t\t\t\t\t\t<a class=\"has-shape-round shape-type-button ehp-button ehp-button--secondary ehp-cta__button ehp-cta__button--secondary is-type-button elementor-animation-shrink has-border\" href=\"https:\/\/challengeboxgames.ch\/fr\/contact\/\">\n\t\t\t\t\t<span class=\"ehp-button__text ehp-cta__button-text ehp-cta__button-text--secondary\">\n\t\t\tNous contacter\t\t\t\t<\/a>\n\t\t\t\t\t\t<\/div>\n\t\t\t<\/div>\n\t\t\t\t<\/div>\n\t\t\t\t\t<\/div>\n\t\t<\/div>\n\t\t\t\t\t\t<\/div>\n\t\t\t\t<\/div>\n\t\t\t\t\t<\/div>\n\t\t\t\t<\/div>\n\t\t\t\t\t<\/div>\n\t\t\t\t<\/div>\n\t\t\t\t<\/div>\n\t\t","protected":false},"excerpt":{"rendered":"<p>Vous recherchez des id\u00e9es d\u2019activit\u00e9s pour un \u00e9v\u00e9nement d\u2019entreprise ? \u00c0 propos de nous Nous cr\u00e9ons des jeux immersifs et sc\u00e9naris\u00e9s pour les entreprises qui souhaitent plus qu\u2019un simple atelier de team building standard. Nos exp\u00e9riences portables m\u00ealent \u00e9nigmes de type escape room, intrigues narratives et d\u00e9fis pratiques, con\u00e7us sp\u00e9cifiquement pour des \u00e9quipes d\u2019entreprise de [&hellip;]<\/p>\n","protected":false},"author":1,"featured_media":0,"parent":0,"menu_order":0,"comment_status":"closed","ping_status":"closed","template":"","meta":{"footnotes":""},"class_list":["post-1027","page","type-page","status-publish","hentry"],"_links":{"self":[{"href":"https:\/\/challengeboxgames.ch\/fr\/wp-json\/wp\/v2\/pages\/1027","targetHints":{"allow":["GET"]}}],"collection":[{"href":"https:\/\/challengeboxgames.ch\/fr\/wp-json\/wp\/v2\/pages"}],"about":[{"href":"https:\/\/challengeboxgames.ch\/fr\/wp-json\/wp\/v2\/types\/page"}],"author":[{"embeddable":true,"href":"https:\/\/challengeboxgames.ch\/fr\/wp-json\/wp\/v2\/users\/1"}],"replies":[{"embeddable":true,"href":"https:\/\/challengeboxgames.ch\/fr\/wp-json\/wp\/v2\/comments?post=1027"}],"version-history":[{"count":2,"href":"https:\/\/challengeboxgames.ch\/fr\/wp-json\/wp\/v2\/pages\/1027\/revisions"}],"predecessor-version":[{"id":1093,"href":"https:\/\/challengeboxgames.ch\/fr\/wp-json\/wp\/v2\/pages\/1027\/revisions\/1093"}],"wp:attachment":[{"href":"https:\/\/challengeboxgames.ch\/fr\/wp-json\/wp\/v2\/media?parent=1027"}],"curies":[{"name":"wp","href":"https:\/\/api.w.org\/{rel}","templated":true}]}}