{"id":994,"date":"2026-03-04T15:16:09","date_gmt":"2026-03-04T15:16:09","guid":{"rendered":"https:\/\/challengeboxgames.ch\/ueber-uns\/"},"modified":"2026-04-16T10:02:30","modified_gmt":"2026-04-16T10:02:30","slug":"corporate-event-activity-ideas-about-us","status":"publish","type":"page","link":"https:\/\/challengeboxgames.ch\/de\/corporate-event-activity-ideas-about-us\/","title":{"rendered":"\u00dcber uns"},"content":{"rendered":"\t\t<div data-elementor-type=\"wp-page\" data-elementor-id=\"994\" class=\"elementor elementor-994 elementor-35\" data-elementor-post-type=\"page\">\n\t\t\t\t<div class=\"elementor-element elementor-element-1e9cf9c e-flex e-con-boxed elementor-invisible e-con e-parent\" data-id=\"1e9cf9c\" data-element_type=\"container\" data-e-type=\"container\" data-settings=\"{&quot;animation&quot;:&quot;fadeIn&quot;}\">\n\t\t\t\t\t<div class=\"e-con-inner\">\n\t\t<div class=\"elementor-element elementor-element-ee855a0 e-con-full e-flex e-con e-child\" data-id=\"ee855a0\" data-element_type=\"container\" data-e-type=\"container\">\n\t\t\t\t<div class=\"elementor-element elementor-element-a7c116c elementor-widget__width-inherit elementor-widget elementor-widget-heading\" data-id=\"a7c116c\" data-element_type=\"widget\" data-e-type=\"widget\" data-widget_type=\"heading.default\">\n\t\t\t\t\t<h1 class=\"elementor-heading-title elementor-size-default\">Suchen Sie Ideen f\u00fcr Firmenevent-Aktivit\u00e4ten?<\/h1>\t\t\t\t<\/div>\n\t\t\t\t<\/div>\n\t\t\t\t\t<\/div>\n\t\t\t\t<\/div>\n\t\t<div class=\"elementor-element elementor-element-4e2d6cc2 e-flex e-con-boxed elementor-invisible e-con e-parent\" data-id=\"4e2d6cc2\" data-element_type=\"container\" data-e-type=\"container\" data-settings=\"{&quot;animation&quot;:&quot;fadeIn&quot;}\">\n\t\t\t\t\t<div class=\"e-con-inner\">\n\t\t\t\t<div class=\"elementor-element elementor-element-38b0c2f7 elementor-widget elementor-widget-flex-hero\" data-id=\"38b0c2f7\" data-element_type=\"widget\" data-e-type=\"widget\" data-settings=\"{&quot;image_shape&quot;:&quot;rounded&quot;,&quot;layout_image_position_tablet&quot;:&quot;end&quot;,&quot;layout_preset&quot;:&quot;showcase&quot;,&quot;layout_column_structure&quot;:&quot;50-50&quot;,&quot;layout_image_position&quot;:&quot;end&quot;,&quot;primary_button_shape&quot;:&quot;default&quot;,&quot;box_shape&quot;:&quot;sharp&quot;}\" data-widget_type=\"flex-hero.default\">\n\t\t\t\t<div class=\"elementor-widget-container\">\n\t\t\t\t\t\t\t<div class=\"has-shape-sharp shape-type-box has-column-structure-50-50  ehp-flex-hero has-layout-preset-showcase has-image-position-end has-image-position-md-end\">\n\t\t\t\t\t\t<div class=\"ehp-flex-hero__overlay\"><\/div>\n\t\t\t<div class=\"ehp-flex-hero__content-container\">\n\t\t\t\t<h2 class=\"ehp-flex-hero__heading\">\u00dcber uns<\/h2><h3 class=\"ehp-flex-hero__subheading\">Wir entwickeln immersive, geschichtenbasierte Spiele f\u00fcr Unternehmen, die mehr als einen weiteren Standard-Teambuilding-Workshop w\u00fcnschen. Unsere tragbaren Erlebnisse verbinden R\u00e4tsel im Escape-Room-Stil, narrative Spannung und praktische Herausforderungen, speziell konzipiert f\u00fcr Firmenteams von 6 bis \u00fcber 200 Personen. <\/br>\nMit Sitz in der Schweiz arbeiten wir mit HR-Teams, Eventplanern und F\u00fchrungskr\u00e4ften zusammen, um Meetings, Offsites und Konferenzen in gemeinsame Abenteuer zu verwandeln. Jedes Szenario ist darauf ausgelegt, echte Zusammenarbeit, klarere Kommunikation und unvergessliche Momente zu f\u00f6rdern, \u00fcber die Ihr Team noch lange nach dem Ende der Veranstaltung sprechen wird.\nAu\u00dferdem organisieren wir <a href=\"https:\/\/outdoor-escape-games.ch\/en\/team-event\/\" target=\"_blank\" rel=\"noopener noreferrer\">\n Outdoor-Escape-Games f\u00fcr Teambuilding\n<\/a> in der ganzen Schweiz. <\/h3>\t\t\t<div class=\"ehp-flex-hero__ctas-container\">\n\t\t\t\t\t\t\t\t\t\t\t<\/div>\n\t\t\t\t\t<\/div>\n\t\t\t\t<div class=\"ehp-flex-hero__image-wrapper\">\n\t\t\t\t\t<div class=\"ehp-image ehp-flex-hero__image-container\">\n\t\t\t\t<img decoding=\"async\" class=\"ehp-image__img ehp-flex-hero__img has-shape-rounded shape-type-image\" src=\"https:\/\/challengeboxgames.ch\/wp-content\/uploads\/2026\/04\/Team-Challengebox.avif\" title=\"Team Challengebox\" alt=\"Team Challengebox\" loading=\"lazy\" \/>\t\t\t<\/div>\n\t\t\t\t\t<\/div>\n\t\t\t\t<\/div>\n\t\t\t\t\t\t<\/div>\n\t\t\t\t<\/div>\n\t\t\t\t\t<\/div>\n\t\t\t\t<\/div>\n\t\t<div class=\"elementor-element elementor-element-2f4ebf9 e-flex e-con-boxed elementor-invisible e-con e-parent\" data-id=\"2f4ebf9\" data-element_type=\"container\" data-e-type=\"container\" data-settings=\"{&quot;animation&quot;:&quot;fadeIn&quot;}\">\n\t\t\t\t\t<div class=\"e-con-inner\">\n\t\t<div class=\"elementor-element elementor-element-d7c2501 e-con-full e-flex e-con e-child\" data-id=\"d7c2501\" data-element_type=\"container\" data-e-type=\"container\">\n\t\t\t\t<div class=\"elementor-element elementor-element-61e210d elementor-widget__width-inherit elementor-widget elementor-widget-heading\" data-id=\"61e210d\" data-element_type=\"widget\" data-e-type=\"widget\" data-widget_type=\"heading.default\">\n\t\t\t\t\t<h2 class=\"elementor-heading-title elementor-size-default\">Verwandeln Sie Ihre Firmenevent-Aktivit\u00e4t in ein gemeinsames Abenteuer<\/h2>\t\t\t\t<\/div>\n\t\t\t\t<\/div>\n\t\t\t\t\t<\/div>\n\t\t\t\t<\/div>\n\t\t<div class=\"elementor-element elementor-element-c7ee030 e-flex e-con-boxed elementor-invisible e-con e-parent\" data-id=\"c7ee030\" data-element_type=\"container\" data-e-type=\"container\" data-settings=\"{&quot;background_background&quot;:&quot;classic&quot;,&quot;animation&quot;:&quot;fadeIn&quot;}\">\n\t\t\t\t\t<div class=\"e-con-inner\">\n\t\t<div class=\"elementor-element elementor-element-a31c756 e-flex e-con-boxed e-con e-child\" data-id=\"a31c756\" data-element_type=\"container\" data-e-type=\"container\">\n\t\t\t\t\t<div class=\"e-con-inner\">\n\t\t\t\t<div class=\"elementor-element elementor-element-1dbfa6d elementor-widget-mobile__width-inherit elementor-widget elementor-widget-cta\" data-id=\"1dbfa6d\" data-element_type=\"widget\" data-e-type=\"widget\" data-settings=\"{&quot;secondary_button_shape&quot;:&quot;round&quot;,&quot;layout_preset&quot;:&quot;showcase&quot;,&quot;image_shape&quot;:&quot;rounded&quot;,&quot;layout_column_structure&quot;:&quot;50-50&quot;,&quot;image_horizontal_position&quot;:&quot;start&quot;,&quot;image_horizontal_position_tablet&quot;:&quot;start&quot;,&quot;image_horizontal_position_mobile&quot;:&quot;start&quot;,&quot;content_position_vertical&quot;:&quot;start&quot;,&quot;content_position_vertical_tablet&quot;:&quot;start&quot;,&quot;primary_button_shape&quot;:&quot;default&quot;,&quot;box_shape&quot;:&quot;sharp&quot;}\" data-widget_type=\"cta.default\">\n\t\t\t\t<div class=\"elementor-widget-container\">\n\t\t\t\t\t\t\t<div class=\"has-shape-sharp shape-type-box ehp-cta has-preset-showcase\">\n\t\t\t<div class=\"ehp-cta__overlay\"><\/div>\n\t\t\t<div class=\"has-column-structure-50-50  ehp-cta__elements-container has-image-position-start has-image-position-md-start has-image-position-sm-start\">\n\t\t\t\t\t\t\t<div class=\"ehp-image ehp-cta__image-container\">\n\t\t\t\t<img decoding=\"async\" class=\"ehp-image__img ehp-cta__img has-shape-rounded shape-type-image\" src=\"https:\/\/challengeboxgames.ch\/wp-content\/uploads\/2026\/04\/Teambuilding-Challengebox.avif\" title=\"Teambuilding-Challengebox\" alt=\"Teambuilding-Challengebox\" loading=\"lazy\" \/>\t\t\t<\/div>\n\t\t\t\t\t<div class=\"ehp-cta__text-container\">\n\t\t\t<p class=\"ehp-cta__description\">Unsere tragbaren,<a href=\"https:\/\/challengeboxgames.ch\/our-games\" target=\"_blank\" rel=\"noopener noreferrer\">\n geschichtenbasierten Spiele\n<\/a> sind speziell f\u00fcr Teams von 6 bis \u00fcber 200 Personen konzipiert\n und verbinden Logikr\u00e4tsel, physische Aufgaben und narrative Spannung.\n<ul>\n  <li>St\u00e4rken Sie die Zusammenarbeit zwischen Teams und Abteilungen<\/li>\n  <li>Verbessern Sie die Kommunikation unter Zeitdruck<\/li>\n  <li>Schaffen Sie unvergessliche gemeinsame Erlebnisse, \u00fcber die Mitarbeiter sprechen werden<\/li>\n  <li>Einfach aufzubauen in B\u00fcros, Hotels, Konferenzzentren und Veranstaltungsorten in der gesamten Schweiz.<\/li>\n<\/ul><\/p>\t\t\t<div class=\"ehp-cta__ctas-container\">\n\t\t\t\t<div class=\"ehp-cta__buttons-wrapper\">\n\t\t\t\t\t\t\t\t\t\t\t\t<a class=\"has-shape-round shape-type-button ehp-button ehp-button--secondary ehp-cta__button ehp-cta__button--secondary is-type-button elementor-animation-shrink has-border\" href=\"https:\/\/challengeboxgames.ch\/de\/kontakt\/\">\n\t\t\t\t\t<span class=\"ehp-button__text ehp-cta__button-text ehp-cta__button-text--secondary\">\n\t\t\tKontaktieren Sie uns\t\t\t\t<\/a>\n\t\t\t\t\t\t<\/div>\n\t\t\t<\/div>\n\t\t\t\t<\/div>\n\t\t\t\t\t<\/div>\n\t\t<\/div>\n\t\t\t\t\t\t<\/div>\n\t\t\t\t<\/div>\n\t\t\t\t\t<\/div>\n\t\t\t\t<\/div>\n\t\t\t\t\t<\/div>\n\t\t\t\t<\/div>\n\t\t\t\t<\/div>\n\t\t","protected":false},"excerpt":{"rendered":"<p>Suchen Sie Ideen f\u00fcr Firmenevent-Aktivit\u00e4ten? \u00dcber uns Wir entwickeln immersive, geschichtenbasierte Spiele f\u00fcr Unternehmen, die mehr als einen weiteren Standard-Teambuilding-Workshop w\u00fcnschen. Unsere tragbaren Erlebnisse verbinden R\u00e4tsel im Escape-Room-Stil, narrative Spannung und praktische Herausforderungen, speziell konzipiert f\u00fcr Firmenteams von 6 bis \u00fcber 200 Personen. Mit Sitz in der Schweiz arbeiten wir mit HR-Teams, Eventplanern und F\u00fchrungskr\u00e4ften [&hellip;]<\/p>\n","protected":false},"author":1,"featured_media":0,"parent":0,"menu_order":0,"comment_status":"closed","ping_status":"closed","template":"","meta":{"footnotes":""},"class_list":["post-994","page","type-page","status-publish","hentry"],"_links":{"self":[{"href":"https:\/\/challengeboxgames.ch\/de\/wp-json\/wp\/v2\/pages\/994","targetHints":{"allow":["GET"]}}],"collection":[{"href":"https:\/\/challengeboxgames.ch\/de\/wp-json\/wp\/v2\/pages"}],"about":[{"href":"https:\/\/challengeboxgames.ch\/de\/wp-json\/wp\/v2\/types\/page"}],"author":[{"embeddable":true,"href":"https:\/\/challengeboxgames.ch\/de\/wp-json\/wp\/v2\/users\/1"}],"replies":[{"embeddable":true,"href":"https:\/\/challengeboxgames.ch\/de\/wp-json\/wp\/v2\/comments?post=994"}],"version-history":[{"count":2,"href":"https:\/\/challengeboxgames.ch\/de\/wp-json\/wp\/v2\/pages\/994\/revisions"}],"predecessor-version":[{"id":1096,"href":"https:\/\/challengeboxgames.ch\/de\/wp-json\/wp\/v2\/pages\/994\/revisions\/1096"}],"wp:attachment":[{"href":"https:\/\/challengeboxgames.ch\/de\/wp-json\/wp\/v2\/media?parent=994"}],"curies":[{"name":"wp","href":"https:\/\/api.w.org\/{rel}","templated":true}]}}