{"id":929,"date":"2026-04-07T22:01:40","date_gmt":"2026-04-07T22:01:40","guid":{"rendered":"https:\/\/challengeboxgames.ch\/kommende-events\/"},"modified":"2026-04-16T10:14:12","modified_gmt":"2026-04-16T10:14:12","slug":"escape-rooms-zurich-upcoming-events","status":"publish","type":"page","link":"https:\/\/challengeboxgames.ch\/de\/escape-rooms-zurich-upcoming-events\/","title":{"rendered":"Kommende Events"},"content":{"rendered":"\t\t<div data-elementor-type=\"wp-page\" data-elementor-id=\"929\" class=\"elementor elementor-929 elementor-532\" data-elementor-post-type=\"page\">\n\t\t\t\t<div class=\"elementor-element elementor-element-5e428649 e-flex e-con-boxed elementor-invisible e-con e-parent\" data-id=\"5e428649\" data-element_type=\"container\" data-e-type=\"container\" data-settings=\"{&quot;animation&quot;:&quot;fadeIn&quot;}\">\n\t\t\t\t\t<div class=\"e-con-inner\">\n\t\t<div class=\"elementor-element elementor-element-25ba039c e-con-full e-flex e-con e-child\" data-id=\"25ba039c\" data-element_type=\"container\" data-e-type=\"container\">\n\t\t\t\t<div class=\"elementor-element elementor-element-77350354 elementor-widget__width-inherit elementor-widget elementor-widget-heading\" data-id=\"77350354\" data-element_type=\"widget\" data-e-type=\"widget\" data-widget_type=\"heading.default\">\n\t\t\t\t\t<h2 class=\"elementor-heading-title elementor-size-default\">Challengebox in Ihrer Stadt<br>Escape Rooms Z\u00fcrich<\/h2>\t\t\t\t<\/div>\n\t\t\t\t<div class=\"elementor-element elementor-element-6e3341da elementor-widget elementor-widget-flex-hero\" data-id=\"6e3341da\" data-element_type=\"widget\" data-e-type=\"widget\" data-settings=\"{&quot;layout_preset&quot;:&quot;storytelling&quot;,&quot;image_shape&quot;:&quot;rounded&quot;,&quot;primary_button_shape&quot;:&quot;default&quot;,&quot;box_shape&quot;:&quot;sharp&quot;}\" data-widget_type=\"flex-hero.default\">\n\t\t\t\t<div class=\"elementor-widget-container\">\n\t\t\t\t\t\t\t<div class=\"has-shape-sharp shape-type-box ehp-flex-hero has-layout-preset-storytelling\">\n\t\t\t\t\t\t<div class=\"ehp-flex-hero__overlay\"><\/div>\n\t\t\t<div class=\"ehp-flex-hero__content-container\">\n\t\t\t\t\t\t\t<div class=\"ehp-flex-hero__ctas-container\">\n\t\t\t\t\t\t\t\t\t\t\t<\/div>\n\t\t\t\t\t<\/div>\n\t\t\t\t<div class=\"ehp-flex-hero__image-wrapper\">\n\t\t\t\t\t<div class=\"ehp-image ehp-flex-hero__image-container\">\n\t\t\t\t<img decoding=\"async\" class=\"ehp-image__img ehp-flex-hero__img has-shape-rounded shape-type-image\" src=\"https:\/\/challengeboxgames.ch\/wp-content\/uploads\/2026\/04\/Vinci-Battle-Zurich-Part1-1.avif\" title=\"Vinci-Battle-Zurich-Part1\" alt=\"Escape rooms Zurich\" loading=\"lazy\" \/>\t\t\t<\/div>\n\t\t\t\t\t<\/div>\n\t\t\t\t<\/div>\n\t\t\t\t\t\t<\/div>\n\t\t\t\t<\/div>\n\t\t\t\t<\/div>\n\t\t\t\t\t<\/div>\n\t\t\t\t<\/div>\n\t\t<div class=\"elementor-element elementor-element-34ccba62 e-flex e-con-boxed e-con e-parent\" data-id=\"34ccba62\" data-element_type=\"container\" data-e-type=\"container\" data-settings=\"{&quot;background_background&quot;:&quot;classic&quot;}\">\n\t\t\t\t\t<div class=\"e-con-inner\">\n\t\t\t\t<div class=\"elementor-element elementor-element-29a1b8d4 elementor-widget elementor-widget-text-editor\" data-id=\"29a1b8d4\" data-element_type=\"widget\" data-e-type=\"widget\" data-widget_type=\"text-editor.default\">\n\t\t\t\t\t\t\t\t\t<p><strong>Bedingung<\/strong><\/p><p><span class=\"x1rg5ohu x16dsc37 x19la9d6 x1fc57z9 x6ikm8r x10wlt62 x19co3pv x11tp94h xw4jnvo x1qx5ct2 xfibh0p xiy17q3 x1xsqp64 x1lkfr7t xexx8yu xyri2b x18d9i69 x1c1uobl\"><span class=\"xrtxmta x1bhl96m\">\ud83d\udd25 <\/span><\/span>Mindestens drei Gruppen m\u00fcssen angemeldet sein; andernfalls findet die Session nicht statt. In diesem Fall werden Sie 48 Stunden im Voraus informiert, die Buchung wird storniert und der volle Betrag zur\u00fcckerstattet.\ud83d\udd25 <\/p>\t\t\t\t\t\t\t\t<\/div>\n\t\t\t\t<div class=\"elementor-element elementor-element-04a8ef8 elementor-widget elementor-widget-html\" data-id=\"04a8ef8\" data-element_type=\"widget\" data-e-type=\"widget\" data-widget_type=\"html.default\">\n\t\t\t\t\t<booking-widget widget-id=\"bdd377c6-b398-4685-9892-86e93e86fb28\"><\/booking-widget><script type=\"text\/javascript\" src=\"https:\/\/widgets.regiondo.net\/booking\/v1\/booking-widget.min.js\"><\/script>\t\t\t\t<\/div>\n\t\t\t\t<div class=\"elementor-element elementor-element-7b73e15 elementor-widget elementor-widget-spacer\" data-id=\"7b73e15\" data-element_type=\"widget\" data-e-type=\"widget\" data-widget_type=\"spacer.default\">\n\t\t\t\t\t\t\t<div class=\"elementor-spacer\">\n\t\t\t<div class=\"elementor-spacer-inner\"><\/div>\n\t\t<\/div>\n\t\t\t\t\t\t<\/div>\n\t\t\t\t<div class=\"elementor-element elementor-element-0d32674 elementor-widget__width-inherit elementor-widget elementor-widget-heading\" data-id=\"0d32674\" data-element_type=\"widget\" data-e-type=\"widget\" data-widget_type=\"heading.default\">\n\t\t\t\t\t<h2 class=\"elementor-heading-title elementor-size-default\">Buchen Sie Ihre Challenge Box jetzt!<\/h2>\t\t\t\t<\/div>\n\t\t\t\t<div class=\"elementor-element elementor-element-14d46897 elementor-widget__width-inherit elementor-widget elementor-widget-zigzag\" data-id=\"14d46897\" data-element_type=\"widget\" data-e-type=\"widget\" data-settings=\"{&quot;image_shape&quot;:&quot;rounded&quot;,&quot;primary_button_shape&quot;:&quot;round&quot;}\" data-widget_type=\"zigzag.default\">\n\t\t\t\t<div class=\"elementor-widget-container\">\n\t\t\t\t\t\t\t<div class=\"ehp-zigzag has-direction-start\">\n\t\t\t\t\t\t\t<div class=\"ehp-zigzag__item-wrapper\">\n\t\t\t\t\t<div class=\"ehp-zigzag__item-container\">\n\t\t\t\t\t\t\t\t<div class=\"ehp-zigzag__graphic-element-container has-image\">\n\t\t\t\t\t\t<div class=\"ehp-image ehp-zigzag__image-container\">\n\t\t\t\t<img decoding=\"async\" class=\"ehp-image__img ehp-zigzag__img has-shape-rounded shape-type-image\" src=\"https:\/\/challengeboxgames.ch\/wp-content\/uploads\/2026\/04\/Vinci-Challenge.avif\" title=\"Vinci-Challenge\" alt=\"Vinci challenge Zurich\" loading=\"lazy\" \/>\t\t\t<\/div>\n\t\t\t\t\t<\/div>\n\t\t\t\t<div class=\"ehp-zigzag__text-container is-graphic-image\">\n\t\t\t<h3 class=\"ehp-zigzag__title\">Preis f\u00fcr das Gewinnerteam &amp; Willkommensdrink<\/h3><p class=\"ehp-zigzag__description\">Zu Beginn Ihrer Challenge werden alle Teilnehmenden vor Ort mit einem erfrischenden Getr\u00e4nk begr\u00fc\u00dft (mit oder ohne Alkohol). Das ist der perfekte Moment, um sich aufzuw\u00e4rmen, sich kennenzulernen und die Vorfreude zu steigern, bevor das Abenteuer beginnt. \n\nDas Team, das die Challenge Box in der schnellsten Zeit absolviert (an beiden Tagen, Samstag\/Sonntag), wird zum Sieger gekr\u00f6nt und erh\u00e4lt einen fantastischen Gruppenpreis f\u00fcr Ihr n\u00e4chstes R\u00e4tselabenteuer zusammen. Dies ist eine neue Formel von Escape Rooms Z\u00fcrich. <\/p>\t\t<\/div>\n\t\t\t\t\t\t\t<\/div>\n\t\t\t\t<\/div>\n\t\t\t\t\t\t\t\t<div class=\"ehp-zigzag__item-wrapper\">\n\t\t\t\t\t<div class=\"ehp-zigzag__item-container\">\n\t\t\t\t\t\t\t\t<div class=\"ehp-zigzag__graphic-element-container has-image\">\n\t\t\t\t\t\t<div class=\"ehp-image ehp-zigzag__image-container ehp-image ehp-zigzag__image-container\">\n\t\t\t\t<img decoding=\"async\" class=\"ehp-image__img ehp-zigzag__img has-shape-rounded shape-type-image\" src=\"https:\/\/challengeboxgames.ch\/wp-content\/uploads\/2026\/03\/31870c_b958b6cf8ef7440b976308ba0aac4212mv2.avif\" title=\"31870c_b958b6cf8ef7440b976308ba0aac4212~mv2\" alt=\"31870c_b958b6cf8ef7440b976308ba0aac4212~mv2\" loading=\"lazy\" \/>\t\t\t<\/div>\n\t\t\t\t\t<\/div>\n\t\t\t\t<div class=\"ehp-zigzag__text-container is-graphic-image\">\n\t\t\t<h3 class=\"ehp-zigzag__title\">Entdecken Sie die spannendsten Escape Rooms Z\u00fcrich in einer Box!<\/h3><p class=\"ehp-zigzag__description\">In den Koffern finden Sie handschriftliche Notizen, Verschl\u00fcsselungsmechanismen, alte Karten und Komponenten, die Sie ben\u00f6tigen, um die bevorstehenden Herausforderungen zu meistern. Die liebevoll gefertigten Holzrequisiten sorgen f\u00fcr ein haptisches und immersives Spielerlebnis. Neben klassischen Logik- und Geschicklichkeitsr\u00e4tseln kommt modernste Augmented-Reality-Technologie zum Einsatz, die die reale und virtuelle Welt verbindet und das Spiel besonders immersiv macht.  <\/p>\t\t<\/div>\n\t\t\t\t\t\t\t<\/div>\n\t\t\t\t<\/div>\n\t\t\t\t\t\t\t\t<div class=\"ehp-zigzag__item-wrapper\">\n\t\t\t\t\t<div class=\"ehp-zigzag__item-container\">\n\t\t\t\t\t\t\t\t<div class=\"ehp-zigzag__graphic-element-container has-image\">\n\t\t\t\t\t\t<div class=\"ehp-image ehp-zigzag__image-container ehp-image ehp-zigzag__image-container ehp-image ehp-zigzag__image-container\">\n\t\t\t\t<img decoding=\"async\" class=\"ehp-image__img ehp-zigzag__img has-shape-rounded shape-type-image\" src=\"https:\/\/challengeboxgames.ch\/wp-content\/uploads\/2026\/03\/31870c_2749088c1aaf4afdb43cefed7d29af7fmv2.avif\" title=\"31870c_2749088c1aaf4afdb43cefed7d29af7f~mv2\" alt=\"31870c_2749088c1aaf4afdb43cefed7d29af7f~mv2\" loading=\"lazy\" \/>\t\t\t<\/div>\n\t\t\t\t\t<\/div>\n\t\t\t\t<div class=\"ehp-zigzag__text-container is-graphic-image\">\n\t\t\t<h3 class=\"ehp-zigzag__title\">Wer ist der ultimative Escape-Room-Experte?<\/h3><p class=\"ehp-zigzag__description\">Treten Sie direkt gegen Ihre Gegner an und zeigen Sie Ihre Escape-Room-Skills. Sechs Teams treten gleichzeitig gegeneinander an, mit 120 Minuten Spielzeit. Das Team, das alle Boxen am schnellsten \u00f6ffnet, gewinnt. Am Ende stellen sich alle teilnehmenden Teams einer zus\u00e4tzlichen Herausforderung, die Sie nur gemeinsam l\u00f6sen k\u00f6nnen. Spa\u00df und neue Freundschaften garantiert \u2013 in dieser neuen Escape-Rooms-Z\u00fcrich-Formel!    <\/p>\t\t<\/div>\n\t\t\t\t\t\t\t<\/div>\n\t\t\t\t<\/div>\n\t\t\t\t\t\t\t<\/div>\n\t\t\t\t\t\t<\/div>\n\t\t\t\t<\/div>\n\t\t\t\t\t<\/div>\n\t\t\t\t<\/div>\n\t\t<div class=\"elementor-element elementor-element-43080ddd e-flex e-con-boxed elementor-invisible e-con e-parent\" data-id=\"43080ddd\" data-element_type=\"container\" data-e-type=\"container\" data-settings=\"{&quot;animation&quot;:&quot;fadeIn&quot;}\">\n\t\t\t\t\t<div class=\"e-con-inner\">\n\t\t<div class=\"elementor-element elementor-element-7a6b8ac7 e-con-full e-flex e-con e-child\" data-id=\"7a6b8ac7\" data-element_type=\"container\" data-e-type=\"container\">\n\t\t\t\t<div class=\"elementor-element elementor-element-5a9b50f3 elementor-widget__width-inherit elementor-widget elementor-widget-heading\" data-id=\"5a9b50f3\" data-element_type=\"widget\" data-e-type=\"widget\" data-widget_type=\"heading.default\">\n\t\t\t\t\t<h2 class=\"elementor-heading-title elementor-size-default\">Fordern Sie ein Angebot f\u00fcr Ihr n\u00e4chstes Teambuilding an<\/h2>\t\t\t\t<\/div>\n\t\t\t\t<\/div>\n\t\t\t\t\t<\/div>\n\t\t\t\t<\/div>\n\t\t<div class=\"elementor-element elementor-element-e99d72c e-flex e-con-boxed elementor-invisible e-con e-parent\" data-id=\"e99d72c\" data-element_type=\"container\" data-e-type=\"container\" data-settings=\"{&quot;background_background&quot;:&quot;classic&quot;,&quot;animation&quot;:&quot;fadeIn&quot;}\">\n\t\t\t\t\t<div class=\"e-con-inner\">\n\t\t<div class=\"elementor-element elementor-element-68d8d848 e-flex e-con-boxed e-con e-child\" data-id=\"68d8d848\" data-element_type=\"container\" data-e-type=\"container\">\n\t\t\t\t\t<div class=\"e-con-inner\">\n\t\t\t\t<div class=\"elementor-element elementor-element-5ed4943a elementor-widget-mobile__width-inherit elementor-widget elementor-widget-cta\" data-id=\"5ed4943a\" data-element_type=\"widget\" data-e-type=\"widget\" data-settings=\"{&quot;cta_position&quot;:&quot;column&quot;,&quot;secondary_button_shape&quot;:&quot;round&quot;,&quot;layout_preset&quot;:&quot;streamline&quot;,&quot;content_alignment&quot;:&quot;center&quot;,&quot;content_alignment_tablet&quot;:&quot;center&quot;,&quot;content_alignment_mobile&quot;:&quot;center&quot;,&quot;primary_button_shape&quot;:&quot;default&quot;,&quot;cta_width&quot;:&quot;default&quot;,&quot;box_shape&quot;:&quot;sharp&quot;}\" data-widget_type=\"cta.default\">\n\t\t\t\t<div class=\"elementor-widget-container\">\n\t\t\t\t\t\t\t<div class=\"has-shape-sharp shape-type-box ehp-cta has-preset-streamline\">\n\t\t\t<div class=\"ehp-cta__overlay\"><\/div>\n\t\t\t<div class=\"ehp-cta__elements-container\">\n\t\t\t\t\t\t<div class=\"ehp-cta__text-container\">\n\t\t\t<p class=\"ehp-cta__description\">Erz\u00e4hlen Sie uns von Ihrem Team, Ihrem Veranstaltungsdatum und Ihrem Standort in der Schweiz, und wir senden Ihnen innerhalb eines Werktages ein ma\u00dfgeschneidertes Angebot mit empfohlenen <a href=\"https:\/\/challengeboxgames.ch\/our-games\" target=\"_blank\" rel=\"noopener noreferrer\">\nSpielen\n<\/a>, Preisen und Logistikdetails.<\/br>Entdecken Sie auch unsere anderen <a href=\"https:\/\/outdoor-escape-games.ch\/en\/team-event\/\" target=\"_blank\" rel=\"noopener noreferrer\">\nOutdoor-Escape-Games f\u00fcr Firmenevents\n<\/a><\/p>\t\t<\/div>\n\t\t\t\t\t<div class=\"ehp-cta__ctas-container has-cta-width-default\">\n\t\t\t\t<div class=\"ehp-cta__buttons-wrapper\">\n\t\t\t\t\t\t\t\t\t\t\t\t<a class=\"has-shape-round shape-type-button ehp-button ehp-button--secondary ehp-cta__button ehp-cta__button--secondary is-type-button elementor-animation-shrink has-border\" href=\"\/contact\">\n\t\t\t\t\t<span class=\"ehp-button__text ehp-cta__button-text ehp-cta__button-text--secondary\">\n\t\t\tKontaktieren Sie uns\t\t\t\t<\/a>\n\t\t\t\t\t\t<\/div>\n\t\t\t<\/div>\n\t\t\t\t\t<\/div>\n\t\t<\/div>\n\t\t\t\t\t\t<\/div>\n\t\t\t\t<\/div>\n\t\t\t\t\t<\/div>\n\t\t\t\t<\/div>\n\t\t\t\t\t<\/div>\n\t\t\t\t<\/div>\n\t\t\t\t<\/div>\n\t\t","protected":false},"excerpt":{"rendered":"<p>Challengebox in Ihrer StadtEscape Rooms Z\u00fcrich Bedingung \ud83d\udd25 Mindestens drei Gruppen m\u00fcssen angemeldet sein; andernfalls findet die Session nicht statt. In diesem Fall werden Sie 48 Stunden im Voraus informiert, die Buchung wird storniert und der volle Betrag zur\u00fcckerstattet.\ud83d\udd25 Buchen Sie Ihre Challenge Box jetzt! Preis f\u00fcr das Gewinnerteam &amp; Willkommensdrink Zu Beginn Ihrer Challenge [&hellip;]<\/p>\n","protected":false},"author":1,"featured_media":0,"parent":0,"menu_order":0,"comment_status":"closed","ping_status":"closed","template":"","meta":{"footnotes":""},"class_list":["post-929","page","type-page","status-publish","hentry"],"_links":{"self":[{"href":"https:\/\/challengeboxgames.ch\/de\/wp-json\/wp\/v2\/pages\/929","targetHints":{"allow":["GET"]}}],"collection":[{"href":"https:\/\/challengeboxgames.ch\/de\/wp-json\/wp\/v2\/pages"}],"about":[{"href":"https:\/\/challengeboxgames.ch\/de\/wp-json\/wp\/v2\/types\/page"}],"author":[{"embeddable":true,"href":"https:\/\/challengeboxgames.ch\/de\/wp-json\/wp\/v2\/users\/1"}],"replies":[{"embeddable":true,"href":"https:\/\/challengeboxgames.ch\/de\/wp-json\/wp\/v2\/comments?post=929"}],"version-history":[{"count":2,"href":"https:\/\/challengeboxgames.ch\/de\/wp-json\/wp\/v2\/pages\/929\/revisions"}],"predecessor-version":[{"id":1131,"href":"https:\/\/challengeboxgames.ch\/de\/wp-json\/wp\/v2\/pages\/929\/revisions\/1131"}],"wp:attachment":[{"href":"https:\/\/challengeboxgames.ch\/de\/wp-json\/wp\/v2\/media?parent=929"}],"curies":[{"name":"wp","href":"https:\/\/api.w.org\/{rel}","templated":true}]}}