{"id":925,"date":"2026-04-09T14:01:17","date_gmt":"2026-04-09T14:01:17","guid":{"rendered":"https:\/\/challengeboxgames.ch\/unsere-spiele\/"},"modified":"2026-04-16T10:09:49","modified_gmt":"2026-04-16T10:09:49","slug":"team-building-games","status":"publish","type":"page","link":"https:\/\/challengeboxgames.ch\/de\/team-building-games\/","title":{"rendered":"Unsere Spiele"},"content":{"rendered":"\t\t<div data-elementor-type=\"wp-page\" data-elementor-id=\"925\" class=\"elementor elementor-925 elementor-632\" data-elementor-post-type=\"page\">\n\t\t\t\t<div class=\"elementor-element elementor-element-45b90005 e-flex e-con-boxed e-con e-parent\" data-id=\"45b90005\" data-element_type=\"container\" data-e-type=\"container\">\n\t\t\t\t\t<div class=\"e-con-inner\">\n\t\t\t\t<div class=\"elementor-element elementor-element-3b46fbca elementor-widget elementor-widget-flex-hero\" data-id=\"3b46fbca\" data-element_type=\"widget\" data-e-type=\"widget\" data-settings=\"{&quot;layout_preset&quot;:&quot;storytelling&quot;,&quot;primary_button_shape&quot;:&quot;default&quot;,&quot;image_shape&quot;:&quot;sharp&quot;,&quot;box_shape&quot;:&quot;sharp&quot;}\" data-widget_type=\"flex-hero.default\">\n\t\t\t\t<div class=\"elementor-widget-container\">\n\t\t\t\t\t\t\t<div class=\"has-shape-sharp shape-type-box ehp-flex-hero has-layout-preset-storytelling\">\n\t\t\t\t\t\t<div class=\"ehp-flex-hero__overlay\"><\/div>\n\t\t\t<div class=\"ehp-flex-hero__content-container\">\n\t\t\t\t\t\t\t<div class=\"ehp-flex-hero__ctas-container\">\n\t\t\t\t\t\t\t\t\t\t\t<\/div>\n\t\t\t\t\t<\/div>\n\t\t\t\t<div class=\"ehp-flex-hero__image-wrapper\">\n\t\t\t\t\t<div class=\"ehp-image ehp-flex-hero__image-container\">\n\t\t\t\t<img decoding=\"async\" class=\"ehp-image__img ehp-flex-hero__img has-shape-sharp shape-type-image\" src=\"https:\/\/challengeboxgames.ch\/wp-content\/uploads\/2026\/04\/31870c_53d1b490736043888371aa2b67a49bd1mv2.avif\" title=\"31870c_53d1b490736043888371aa2b67a49bd1~mv2\" alt=\"team building games\" loading=\"lazy\" \/>\t\t\t<\/div>\n\t\t\t\t\t<\/div>\n\t\t\t\t<\/div>\n\t\t\t\t\t\t<\/div>\n\t\t\t\t<\/div>\n\t\t\t\t\t<\/div>\n\t\t\t\t<\/div>\n\t\t<div class=\"elementor-element elementor-element-bf9e359 e-flex e-con-boxed elementor-invisible e-con e-parent\" data-id=\"bf9e359\" data-element_type=\"container\" data-e-type=\"container\" data-settings=\"{&quot;animation&quot;:&quot;fadeIn&quot;}\">\n\t\t\t\t\t<div class=\"e-con-inner\">\n\t\t<div class=\"elementor-element elementor-element-f55ab5c e-con-full e-flex e-con e-child\" data-id=\"f55ab5c\" data-element_type=\"container\" data-e-type=\"container\">\n\t\t\t\t<div class=\"elementor-element elementor-element-6aaddd9 elementor-widget__width-inherit elementor-widget elementor-widget-heading\" data-id=\"6aaddd9\" data-element_type=\"widget\" data-e-type=\"widget\" data-widget_type=\"heading.default\">\n\t\t\t\t\t<h2 class=\"elementor-heading-title elementor-size-default\">Teambuilding-Spiele<\/h2>\t\t\t\t<\/div>\n\t\t\t\t<\/div>\n\t\t\t\t\t<\/div>\n\t\t\t\t<\/div>\n\t\t<div class=\"elementor-element elementor-element-61165b0 e-flex e-con-boxed e-con e-parent\" data-id=\"61165b0\" data-element_type=\"container\" data-e-type=\"container\" data-settings=\"{&quot;background_background&quot;:&quot;classic&quot;}\">\n\t\t\t\t\t<div class=\"e-con-inner\">\n\t\t\t\t<div class=\"elementor-element elementor-element-7bb0bb7 elementor-widget__width-inherit elementor-widget elementor-widget-zigzag\" data-id=\"7bb0bb7\" data-element_type=\"widget\" data-e-type=\"widget\" data-settings=\"{&quot;image_shape&quot;:&quot;rounded&quot;,&quot;primary_button_shape&quot;:&quot;round&quot;}\" data-widget_type=\"zigzag.default\">\n\t\t\t\t<div class=\"elementor-widget-container\">\n\t\t\t\t\t\t\t<div class=\"ehp-zigzag has-direction-start\">\n\t\t\t\t\t\t\t<div class=\"ehp-zigzag__item-wrapper\">\n\t\t\t\t\t<div class=\"ehp-zigzag__item-container\">\n\t\t\t\t\t\t\t\t<div class=\"ehp-zigzag__graphic-element-container has-image\">\n\t\t\t\t\t\t<div class=\"ehp-image ehp-zigzag__image-container\">\n\t\t\t\t<img decoding=\"async\" class=\"ehp-image__img ehp-zigzag__img has-shape-rounded shape-type-image\" src=\"https:\/\/challengeboxgames.ch\/wp-content\/uploads\/2026\/03\/31870c_dabd3e06264a4bce8be5f325abf36f9fmv2.avif\" title=\"31870c_dabd3e06264a4bce8be5f325abf36f9f~mv2\" alt=\"31870c_dabd3e06264a4bce8be5f325abf36f9f~mv2\" loading=\"lazy\" \/>\t\t\t<\/div>\n\t\t\t\t\t<\/div>\n\t\t\t\t<div class=\"ehp-zigzag__text-container is-graphic-image\">\n\t\t\t<h3 class=\"ehp-zigzag__title\">Vinci<\/h3><p class=\"ehp-zigzag__description\">In Teams arbeitend, entschl\u00fcsseln die Spieler die Mechanismen, beschaffen wichtige Komponenten und rekonstruieren gemeinsam das Modell der Maschine. In einem entscheidenden Moment wandelt sich das Spiel von einem freundschaftlichen Wettbewerb zur Zusammenarbeit: Nur durch die B\u00fcndelung der Anstrengungen und Komponenten aller Teams kann die Gruppe die <a href=\"https:\/\/challengeboxgames.ch\/de\/vinci\/\" target=\"_blank\" rel=\"noopener noreferrer\">\n Vinci\n<\/a>-Konstruktion vollenden.\nDas Erlebnis wird durch eine spezielle Augmented-Reality-App bereichert, die dieser Renaissance-Geschichte einen modernen technologischen Twist verleiht. Die Vinci Chest ist die ideale Wahl f\u00fcr Unternehmen, die ein anspruchsvolles, kreatives Format f\u00fcr Teambuilding-Spiele suchen.  <\/p>\t\t<div class=\"ehp-zigzag__button-container\">\n\t\t\t<a class=\"ehp-button ehp-button--primary ehp-zigzag__button ehp-zigzag__button--primary is-type-button elementor-animation-shrink has-border has-shape-round shape-type-button\" href=\"https:\/\/challengeboxgames.ch\/de\/vinci\/\">\n\t\t\t\t<span class=\"ehp-zigzag__button-text\">Mehr erfahren<\/span>\t\t\t\t\t<\/a>\n\t\t<\/div>\n\t\t\t\t<\/div>\n\t\t\t\t\t\t\t<\/div>\n\t\t\t\t<\/div>\n\t\t\t\t\t\t\t\t<div class=\"ehp-zigzag__item-wrapper\">\n\t\t\t\t\t<div class=\"ehp-zigzag__item-container\">\n\t\t\t\t\t\t\t\t<div class=\"ehp-zigzag__graphic-element-container has-image\">\n\t\t\t\t\t\t<div class=\"ehp-image ehp-zigzag__image-container ehp-image ehp-zigzag__image-container\">\n\t\t\t\t<img decoding=\"async\" class=\"ehp-image__img ehp-zigzag__img has-shape-rounded shape-type-image\" src=\"https:\/\/challengeboxgames.ch\/wp-content\/uploads\/2026\/03\/31870c_224ffa8acc1b4cbfa710c2e943ccb668mv2.avif\" title=\"31870c_224ffa8acc1b4cbfa710c2e943ccb668~mv2\" alt=\"31870c_224ffa8acc1b4cbfa710c2e943ccb668~mv2\" loading=\"lazy\" \/>\t\t\t<\/div>\n\t\t\t\t\t<\/div>\n\t\t\t\t<div class=\"ehp-zigzag__text-container is-graphic-image\">\n\t\t\t<h3 class=\"ehp-zigzag__title\">Aztec<\/h3><p class=\"ehp-zigzag__description\">Auf der Route begegnen die Teams einer Mischung aus Geschicklichkeitsaufgaben, Logikr\u00e4tseln, Erkundungsherausforderungen und Begegnungen mit geheimnisvollen Charakteren. Geleitet vom Tagebuch des Reisenden John Flinders aus dem 19. Jahrhundert untersuchen sie Artefakte, entschl\u00fcsseln Symbole, lernen \u00fcber alte Glaubensvorstellungen und entdecken die Errungenschaften l\u00e4ngst vergessener Zivilisationen \u2013 w\u00e4hrend sie nach verstecktem Gold und wertvollen Artefakten suchen. <\/br>\n\nDer <a href=\"https:\/\/challengeboxgames.ch\/de\/teambuilding-aztec\/\" target=\"_blank\" rel=\"noopener noreferrer\">\n Aztec\n<\/a>-Pfad umfasst mindestens 20 abwechslungsreiche Herausforderungen (bis zu 30 f\u00fcr gr\u00f6\u00dfere Gruppen) sowie einzigartige Momente, wie das Anz\u00fcnden der Friedenspfeife mit einem als ethnischen Schamanen verkleideten Animator. Es ist ein unvergessliches Outdoor-Abenteuer im Bereich der Teambuilding-Spiele. <\/p>\t\t<div class=\"ehp-zigzag__button-container ehp-zigzag__button-container\">\n\t\t\t<a class=\"ehp-button ehp-button--primary ehp-zigzag__button ehp-zigzag__button--primary is-type-button elementor-animation-shrink has-border has-shape-round shape-type-button\" href=\"https:\/\/challengeboxgames.ch\/aztec\/\">\n\t\t\t\t<span class=\"ehp-zigzag__button-text\">Mehr erfahren<\/span>\t\t\t\t\t<\/a>\n\t\t<\/div>\n\t\t\t\t<\/div>\n\t\t\t\t\t\t\t<\/div>\n\t\t\t\t<\/div>\n\t\t\t\t\t\t\t\t<div class=\"ehp-zigzag__item-wrapper\">\n\t\t\t\t\t<div class=\"ehp-zigzag__item-container\">\n\t\t\t\t\t\t\t\t<div class=\"ehp-zigzag__graphic-element-container has-image\">\n\t\t\t\t\t\t<div class=\"ehp-image ehp-zigzag__image-container ehp-image ehp-zigzag__image-container ehp-image ehp-zigzag__image-container\">\n\t\t\t\t<img decoding=\"async\" class=\"ehp-image__img ehp-zigzag__img has-shape-rounded shape-type-image\" src=\"https:\/\/challengeboxgames.ch\/wp-content\/uploads\/2026\/03\/31870c_4899be506c85493691e16aed536bb967mv2.avif\" title=\"31870c_4899be506c85493691e16aed536bb967~mv2\" alt=\"31870c_4899be506c85493691e16aed536bb967~mv2\" loading=\"lazy\" \/>\t\t\t<\/div>\n\t\t\t\t\t<\/div>\n\t\t\t\t<div class=\"ehp-zigzag__text-container is-graphic-image\">\n\t\t\t<h3 class=\"ehp-zigzag__title\">Zodiac<\/h3><p class=\"ehp-zigzag__description\">Schritt f\u00fcr Schritt decken die Teams die Wahrheit \u00fcber eine Reihe schockierender Verbrechen aus vergangenen Jahren auf. Um die Intrige zu l\u00f6sen, m\u00fcssen sie alle gesammelten Hinweise verkn\u00fcpfen und \u2013 was entscheidend ist \u2013 Informationen mit anderen Teams teilen. <\/br>Nur volle Kooperation und effektive Kommunikation f\u00fchren zum vollst\u00e4ndigen Erfolg.\nVerpackt in tragbare Koffer bringt die <a href=\"https:\/\/challengeboxgames.ch\/de\/zodiac\/\" target=\"_blank\" rel=\"noopener noreferrer\">\n Zodiac\n<\/a> Chest die ganze Spannung eines Escape Rooms direkt in Ihr B\u00fcro, Hotel oder Ihren Veranstaltungsort. <\/br>Sie ist einfach zu organisieren und hochgradig fesselnd, was sie perfekt f\u00fcr gro\u00dfe Unternehmensgruppen macht. <\/p>\t\t<div class=\"ehp-zigzag__button-container ehp-zigzag__button-container ehp-zigzag__button-container\">\n\t\t\t<a class=\"ehp-button ehp-button--primary ehp-zigzag__button ehp-zigzag__button--primary is-type-button elementor-animation-shrink has-border has-shape-round shape-type-button\" href=\"https:\/\/challengeboxgames.ch\/de\/zodiac\/\">\n\t\t\t\t<span class=\"ehp-zigzag__button-text\">Mehr erfahren<\/span>\t\t\t\t\t<\/a>\n\t\t<\/div>\n\t\t\t\t<\/div>\n\t\t\t\t\t\t\t<\/div>\n\t\t\t\t<\/div>\n\t\t\t\t\t\t\t<\/div>\n\t\t\t\t\t\t<\/div>\n\t\t\t\t<\/div>\n\t\t\t\t\t<\/div>\n\t\t\t\t<\/div>\n\t\t<div class=\"elementor-element elementor-element-3bdc3da5 e-flex e-con-boxed elementor-invisible e-con e-parent\" data-id=\"3bdc3da5\" data-element_type=\"container\" data-e-type=\"container\" data-settings=\"{&quot;animation&quot;:&quot;fadeIn&quot;}\">\n\t\t\t\t\t<div class=\"e-con-inner\">\n\t\t<div class=\"elementor-element elementor-element-53bad6ea e-con-full e-flex e-con e-child\" data-id=\"53bad6ea\" data-element_type=\"container\" data-e-type=\"container\">\n\t\t\t\t<div class=\"elementor-element elementor-element-71d56dc3 elementor-widget__width-inherit elementor-widget elementor-widget-heading\" data-id=\"71d56dc3\" data-element_type=\"widget\" data-e-type=\"widget\" data-widget_type=\"heading.default\">\n\t\t\t\t\t<h2 class=\"elementor-heading-title elementor-size-default\">Suchen Sie nach einem Teambuilding-Spiel?<\/br> Fordern Sie ein Angebot f\u00fcr Ihr n\u00e4chstes Event an<\/h2>\t\t\t\t<\/div>\n\t\t\t\t<\/div>\n\t\t\t\t\t<\/div>\n\t\t\t\t<\/div>\n\t\t<div class=\"elementor-element elementor-element-61fb2cb6 e-flex e-con-boxed elementor-invisible e-con e-parent\" data-id=\"61fb2cb6\" data-element_type=\"container\" data-e-type=\"container\" data-settings=\"{&quot;background_background&quot;:&quot;classic&quot;,&quot;animation&quot;:&quot;fadeIn&quot;}\">\n\t\t\t\t\t<div class=\"e-con-inner\">\n\t\t<div class=\"elementor-element elementor-element-43745565 e-flex e-con-boxed e-con e-child\" data-id=\"43745565\" data-element_type=\"container\" data-e-type=\"container\">\n\t\t\t\t\t<div class=\"e-con-inner\">\n\t\t\t\t<div class=\"elementor-element elementor-element-5a8fa3dc elementor-widget-mobile__width-inherit elementor-widget elementor-widget-cta\" data-id=\"5a8fa3dc\" data-element_type=\"widget\" data-e-type=\"widget\" data-settings=\"{&quot;cta_position&quot;:&quot;column&quot;,&quot;secondary_button_shape&quot;:&quot;round&quot;,&quot;layout_preset&quot;:&quot;streamline&quot;,&quot;content_alignment&quot;:&quot;center&quot;,&quot;content_alignment_tablet&quot;:&quot;center&quot;,&quot;content_alignment_mobile&quot;:&quot;center&quot;,&quot;primary_button_shape&quot;:&quot;default&quot;,&quot;cta_width&quot;:&quot;default&quot;,&quot;box_shape&quot;:&quot;sharp&quot;}\" data-widget_type=\"cta.default\">\n\t\t\t\t<div class=\"elementor-widget-container\">\n\t\t\t\t\t\t\t<div class=\"has-shape-sharp shape-type-box ehp-cta has-preset-streamline\">\n\t\t\t<div class=\"ehp-cta__overlay\"><\/div>\n\t\t\t<div class=\"ehp-cta__elements-container\">\n\t\t\t\t\t\t<div class=\"ehp-cta__text-container\">\n\t\t\t<p class=\"ehp-cta__description\">Erz\u00e4hlen Sie uns von Ihrem Team, dem Veranstaltungsdatum und dem Ort in der Schweiz, und wir senden Ihnen innerhalb eines Werktages ein ma\u00dfgeschneidertes Angebot mit empfohlenen Teambuilding-Spielen, Preisen und Logistikdetails. <\/br>Entdecken Sie auch unsere anderen <a href=\"https:\/\/outdoor-escape-games.ch\/en\/team-event\/\" target=\"_blank\" rel=\"noopener noreferrer\">\n Outdoor-Escape-Games f\u00fcr das Teambuilding\n<\/a><\/p>\t\t<\/div>\n\t\t\t\t\t<div class=\"ehp-cta__ctas-container has-cta-width-default\">\n\t\t\t\t<div class=\"ehp-cta__buttons-wrapper\">\n\t\t\t\t\t\t\t\t\t\t\t\t<a class=\"has-shape-round shape-type-button ehp-button ehp-button--secondary ehp-cta__button ehp-cta__button--secondary is-type-button elementor-animation-shrink has-border\" href=\"\/contact\">\n\t\t\t\t\t<span class=\"ehp-button__text ehp-cta__button-text ehp-cta__button-text--secondary\">\n\t\t\tKontaktieren Sie uns\t\t\t\t<\/a>\n\t\t\t\t\t\t<\/div>\n\t\t\t<\/div>\n\t\t\t\t\t<\/div>\n\t\t<\/div>\n\t\t\t\t\t\t<\/div>\n\t\t\t\t<\/div>\n\t\t\t\t\t<\/div>\n\t\t\t\t<\/div>\n\t\t\t\t\t<\/div>\n\t\t\t\t<\/div>\n\t\t\t\t<\/div>\n\t\t","protected":false},"excerpt":{"rendered":"<p>Teambuilding-Spiele Vinci In Teams arbeitend, entschl\u00fcsseln die Spieler die Mechanismen, beschaffen wichtige Komponenten und rekonstruieren gemeinsam das Modell der Maschine. In einem entscheidenden Moment wandelt sich das Spiel von einem freundschaftlichen Wettbewerb zur Zusammenarbeit: Nur durch die B\u00fcndelung der Anstrengungen und Komponenten aller Teams kann die Gruppe die Vinci -Konstruktion vollenden. Das Erlebnis wird durch [&hellip;]<\/p>\n","protected":false},"author":1,"featured_media":0,"parent":0,"menu_order":0,"comment_status":"closed","ping_status":"closed","template":"","meta":{"footnotes":""},"class_list":["post-925","page","type-page","status-publish","hentry"],"_links":{"self":[{"href":"https:\/\/challengeboxgames.ch\/de\/wp-json\/wp\/v2\/pages\/925","targetHints":{"allow":["GET"]}}],"collection":[{"href":"https:\/\/challengeboxgames.ch\/de\/wp-json\/wp\/v2\/pages"}],"about":[{"href":"https:\/\/challengeboxgames.ch\/de\/wp-json\/wp\/v2\/types\/page"}],"author":[{"embeddable":true,"href":"https:\/\/challengeboxgames.ch\/de\/wp-json\/wp\/v2\/users\/1"}],"replies":[{"embeddable":true,"href":"https:\/\/challengeboxgames.ch\/de\/wp-json\/wp\/v2\/comments?post=925"}],"version-history":[{"count":2,"href":"https:\/\/challengeboxgames.ch\/de\/wp-json\/wp\/v2\/pages\/925\/revisions"}],"predecessor-version":[{"id":1122,"href":"https:\/\/challengeboxgames.ch\/de\/wp-json\/wp\/v2\/pages\/925\/revisions\/1122"}],"wp:attachment":[{"href":"https:\/\/challengeboxgames.ch\/de\/wp-json\/wp\/v2\/media?parent=925"}],"curies":[{"name":"wp","href":"https:\/\/api.w.org\/{rel}","templated":true}]}}